{"id":624,"date":"2016-02-24T10:30:15","date_gmt":"2016-02-24T15:30:15","guid":{"rendered":"https:\/\/cert.pa\/?page_id=624"},"modified":"2023-05-11T15:26:07","modified_gmt":"2023-05-11T20:26:07","slug":"guias-y-manuales","status":"publish","type":"page","link":"https:\/\/cert.pa\/?page_id=624","title":{"rendered":"Gu\u00edas y Manuales"},"content":{"rendered":"<p style=\"text-align: justify;\">El objetivo de los documentos presentados a continuaci\u00f3n es proporcionar una gu\u00eda r\u00e1pida de referencia para la recolecci\u00f3n de informaci\u00f3n que sirva de evidencia a compartir con el equipo de CSIRT Panam\u00e1 para el an\u00e1lisis en caso de incidentes inform\u00e1ticos en el Estado Paname\u00f1o. Se recomienda enviar la documentaci\u00f3n que crea necesaria en un archivo comprimido y cifrarlo con nuestra<a href=\"https:\/\/cert.pa\/wp-content\/uploads\/2019\/12\/PGP-PUBLIC-KEY-BLOCK.txt\"> llave p\u00fablica\u00a0PGP<\/a>.<\/p>\n<table style=\"width: 100%;\">\n<tbody>\n<tr>\n<td style=\"text-align: left;\">\n<h5>T\u00edtulo<\/h5>\n<\/td>\n<td>\n<h6 style=\"text-align: left;\">Archivo<\/h6>\n<\/td>\n<\/tr>\n<tr>\n<td style=\"text-align: left;\">\n<h6>Reportes de Incidentes \u2013 Fuga de Informaci\u00f3n<\/h6>\n<\/td>\n<td style=\"text-align: left;\">\n<h6><a href=\"https:\/\/cert.pa\/wp-content\/uploads\/2016\/02\/CERT-309-Reportes-de-Incidentes-Fuga-de-Informaci\u00f3n.pdf\" target=\"_blank\" rel=\"noopener noreferrer\">Descargar archivo<\/a><\/h6>\n<\/td>\n<\/tr>\n<tr>\n<td style=\"text-align: left;\">\n<h6>Reportes de Incidentes\u00a0\u2013 Intrusiones<\/h6>\n<\/td>\n<td style=\"text-align: left;\">\n<h6><a href=\"https:\/\/cert.pa\/wp-content\/uploads\/2016\/02\/CERT-310-Reportes-de-Incidentes-Intrusiones.pdf\" target=\"_blank\" rel=\"noopener noreferrer\">Descargar archivo<\/a><\/h6>\n<\/td>\n<\/tr>\n<tr>\n<td style=\"text-align: left;\">\n<h6>Reportes de Incidentes\u00a0\u2013 Modificaci\u00f3n no Autorizada de Contenido<\/h6>\n<\/td>\n<td style=\"text-align: left;\">\n<h6><a href=\"https:\/\/cert.pa\/wp-content\/uploads\/2016\/02\/CERT-311-Reportes-de-Incidentes-Modificaci\u00f3n-no-autorizada-de-Contenido.pdf\" target=\"_blank\" rel=\"noopener noreferrer\">Descargar archivo<\/a><\/h6>\n<\/td>\n<\/tr>\n<tr>\n<td style=\"text-align: left;\">\n<h6>Reportes de Incidentes\u00a0\u2013 Correo No Deseado<\/h6>\n<\/td>\n<td style=\"text-align: left;\">\n<h6><a href=\"https:\/\/cert.pa\/wp-content\/uploads\/2016\/02\/CERT-315-Reportes-de-Incidentes-Correo-no-deseado.pdf\" target=\"_blank\" rel=\"noopener noreferrer\">Descargar archivo<\/a><\/h6>\n<\/td>\n<\/tr>\n<tr>\n<td style=\"text-align: left;\">\n<h6>Reportes de Incidentes\u00a0\u2013 Denegaciones de Servicio<\/h6>\n<\/td>\n<td style=\"text-align: left;\">\n<h6><a href=\"https:\/\/cert.pa\/wp-content\/uploads\/2016\/02\/CERT-316-Reportes-de-Incidentes-Denegaciones-de-Servicio.pdf\" target=\"_blank\" rel=\"noopener noreferrer\">Descargar archivo<\/a><\/h6>\n<\/td>\n<\/tr>\n<tr>\n<td style=\"text-align: left;\">\n<h6>Reportes de Incidentes\u00a0\u2013 Fraude (Phishing)<\/h6>\n<\/td>\n<td style=\"text-align: left;\">\n<h6><a href=\"https:\/\/cert.pa\/wp-content\/uploads\/2016\/02\/CERT-317-Reportes-de-Incidentes-Fraude-Phishing.pdf\" target=\"_blank\" rel=\"noopener noreferrer\">Descargar archivo<\/a><\/h6>\n<\/td>\n<\/tr>\n<tr>\n<td style=\"text-align: left;\">\n<h6>Gu\u00eda de Firma y Cifrado de Archivos Utilizando PGP<\/h6>\n<\/td>\n<td style=\"text-align: left;\">\n<h6><a href=\"https:\/\/cert.pa\/wp-content\/uploads\/2016\/04\/CERT-252-Gu%C3%ADa-de-firma-y-cifrado-de-archivos-utilizando-PGP.pdf\" target=\"_blank\" rel=\"noopener noreferrer\">Descargar archivo<\/a><\/h6>\n<\/td>\n<\/tr>\n<tr>\n<td style=\"text-align: left;\">\n<h6>Formulario de Reportes de Incidentes<\/h6>\n<\/td>\n<td style=\"text-align: left;\">\n<h6><a href=\"https:\/\/cert.pa\/wp-content\/uploads\/2019\/12\/CERT-016-Form-Reporte-de-Incidentes.txt\">Descargar archivo<\/a><\/h6>\n<\/td>\n<\/tr>\n<tr>\n<td style=\"text-align: left;\">\n<h6>Compresi\u00f3n de archivos &#8211; Linux<\/h6>\n<\/td>\n<td style=\"text-align: left;\">\n<h6><a href=\"https:\/\/cert.pa\/wp-content\/uploads\/2016\/04\/CERT-306-\u2013-Compresi\u00f3n-de-archivos-Linux.pdf\">Descargar archivo<\/a><\/h6>\n<\/td>\n<\/tr>\n<tr>\n<td style=\"text-align: left;\">\n<h6>Compresi\u00f3n de archivos &#8211; Windows<\/h6>\n<\/td>\n<td style=\"text-align: left;\">\n<h6><a href=\"https:\/\/cert.pa\/wp-content\/uploads\/2016\/04\/CERT-307-%E2%80%93-Compresi%C3%B3n-de-archivos-Windows.pdf\">Descargar archivo<\/a><\/h6>\n<\/td>\n<\/tr>\n<tr>\n<td style=\"text-align: left;\">\n<h6>Compresi\u00f3n de archivos &#8211; MacOS<\/h6>\n<\/td>\n<td style=\"text-align: left;\">\n<h6><a href=\"https:\/\/cert.pa\/wp-content\/uploads\/2016\/04\/CERT-308-%E2%80%93-Compresi%C3%B3n-de-archivos-MacOS.pdf\">Descargar archivo<\/a><\/h6>\n<\/td>\n<\/tr>\n<\/tbody>\n<\/table>\n","protected":false},"excerpt":{"rendered":"<p>El objetivo de los documentos presentados a continuaci\u00f3n es proporcionar una gu\u00eda r\u00e1pida de referencia para la recolecci\u00f3n de informaci\u00f3n que sirva de evidencia a compartir con el equipo de CSIRT Panam\u00e1 para el an\u00e1lisis&#8230;<\/p>\n","protected":false},"author":3,"featured_media":0,"parent":0,"menu_order":0,"comment_status":"closed","ping_status":"closed","template":"","meta":{"om_disable_all_campaigns":false,"_monsterinsights_skip_tracking":false,"_monsterinsights_sitenote_active":false,"_monsterinsights_sitenote_note":"","_monsterinsights_sitenote_category":0,"_uf_show_specific_survey":0,"_uf_disable_surveys":false,"footnotes":""},"class_list":["post-624","page","type-page","status-publish","hentry"],"aioseo_notices":[],"_links":{"self":[{"href":"https:\/\/cert.pa\/index.php?rest_route=\/wp\/v2\/pages\/624","targetHints":{"allow":["GET"]}}],"collection":[{"href":"https:\/\/cert.pa\/index.php?rest_route=\/wp\/v2\/pages"}],"about":[{"href":"https:\/\/cert.pa\/index.php?rest_route=\/wp\/v2\/types\/page"}],"author":[{"embeddable":true,"href":"https:\/\/cert.pa\/index.php?rest_route=\/wp\/v2\/users\/3"}],"replies":[{"embeddable":true,"href":"https:\/\/cert.pa\/index.php?rest_route=%2Fwp%2Fv2%2Fcomments&post=624"}],"version-history":[{"count":16,"href":"https:\/\/cert.pa\/index.php?rest_route=\/wp\/v2\/pages\/624\/revisions"}],"predecessor-version":[{"id":3364,"href":"https:\/\/cert.pa\/index.php?rest_route=\/wp\/v2\/pages\/624\/revisions\/3364"}],"wp:attachment":[{"href":"https:\/\/cert.pa\/index.php?rest_route=%2Fwp%2Fv2%2Fmedia&parent=624"}],"curies":[{"name":"wp","href":"https:\/\/api.w.org\/{rel}","templated":true}]}}