{"id":4504,"date":"2025-03-21T14:34:48","date_gmt":"2025-03-21T19:34:48","guid":{"rendered":"https:\/\/cert.pa\/?page_id=4504"},"modified":"2025-09-30T14:58:27","modified_gmt":"2025-09-30T19:58:27","slug":"protege-tus-redes-sociales","status":"publish","type":"page","link":"https:\/\/cert.pa\/?page_id=4504","title":{"rendered":"Protege Tus Redes Sociales"},"content":{"rendered":"\n<p>Tenemos que ser conscientes que las redes sociales tienen la capacidad de conectar con un amplio aspecto poblacional, estamos involucrados a socializar con personas de diversas culturas y costumbres. Donde se desarrolla una vida digital, que conlleva una responsabilidad como individuos y especialmente como miembros de la familia.&nbsp;<\/p>\n\n\n\n<p>Recordemos que se requiere una edad m\u00ednima de registro de usuario en las redes sociales, en su mayor\u00eda son 13 a\u00f1os. Los menores de 18 a\u00f1os deben estar acompa\u00f1ados por sus padres o tutores.<\/p>\n\n\n\n<p>En esta oportunidad de acceso a internet en el mundo de las redes sociales, est\u00e1 rodeado de diversos riesgos que pueden ser perjudiciales para el desarrollo integral. Le recomendamos algunas consideraciones:<\/p>\n\n\n\n<p>Puedes descargar este contenido, en el siguiente enlace:\u00a0<a href=\"https:\/\/drive.google.com\/uc?export=download&amp;id=1WkFvRrn9SYTAdXhz-AxYZ8hUdEHyiErx\" target=\"_blank\" rel=\"noopener\" title=\"\">Descargar<\/a><\/p>\n\n\n\n<p>Este contenido es de uso p\u00fablico.<\/p>\n\n\n\n<div class=\"wp-block-columns is-layout-flex wp-container-core-columns-is-layout-9d6595d7 wp-block-columns-is-layout-flex\">\n<div class=\"wp-block-column is-layout-flow wp-block-column-is-layout-flow\"><\/div>\n\n\n\n<div class=\"wp-block-column is-layout-flow wp-block-column-is-layout-flow\"><\/div>\n<\/div>\n\n\n\n<figure class=\"wp-block-gallery alignwide has-nested-images columns-default is-cropped wp-block-gallery-1 is-layout-flex wp-block-gallery-is-layout-flex\">\n<figure class=\"wp-block-image size-large\"><a href=\"https:\/\/cert.pa\/wp-content\/uploads\/2025\/03\/Semana_1-scaled.jpg\"><img fetchpriority=\"high\" decoding=\"async\" width=\"724\" height=\"1024\" data-id=\"4506\" src=\"https:\/\/cert.pa\/wp-content\/uploads\/2025\/03\/Semana_1-724x1024.jpg\" alt=\"\" class=\"wp-image-4506\" srcset=\"https:\/\/cert.pa\/wp-content\/uploads\/2025\/03\/Semana_1-724x1024.jpg 724w, https:\/\/cert.pa\/wp-content\/uploads\/2025\/03\/Semana_1-212x300.jpg 212w, https:\/\/cert.pa\/wp-content\/uploads\/2025\/03\/Semana_1-768x1086.jpg 768w, https:\/\/cert.pa\/wp-content\/uploads\/2025\/03\/Semana_1-1086x1536.jpg 1086w, https:\/\/cert.pa\/wp-content\/uploads\/2025\/03\/Semana_1-1448x2048.jpg 1448w, https:\/\/cert.pa\/wp-content\/uploads\/2025\/03\/Semana_1-scaled.jpg 1810w\" sizes=\"(max-width: 724px) 100vw, 724px\" \/><\/a><\/figure>\n\n\n\n<figure class=\"wp-block-image size-large\"><a href=\"https:\/\/cert.pa\/wp-content\/uploads\/2025\/03\/Semana_2-scaled.jpg\"><img decoding=\"async\" width=\"724\" height=\"1024\" data-id=\"4507\" src=\"https:\/\/cert.pa\/wp-content\/uploads\/2025\/03\/Semana_2-724x1024.jpg\" alt=\"\" class=\"wp-image-4507\" srcset=\"https:\/\/cert.pa\/wp-content\/uploads\/2025\/03\/Semana_2-724x1024.jpg 724w, https:\/\/cert.pa\/wp-content\/uploads\/2025\/03\/Semana_2-212x300.jpg 212w, https:\/\/cert.pa\/wp-content\/uploads\/2025\/03\/Semana_2-768x1086.jpg 768w, https:\/\/cert.pa\/wp-content\/uploads\/2025\/03\/Semana_2-1086x1536.jpg 1086w, https:\/\/cert.pa\/wp-content\/uploads\/2025\/03\/Semana_2-1448x2048.jpg 1448w, https:\/\/cert.pa\/wp-content\/uploads\/2025\/03\/Semana_2-scaled.jpg 1810w\" sizes=\"(max-width: 724px) 100vw, 724px\" \/><\/a><\/figure>\n<\/figure>\n\n\n\n<hr class=\"wp-block-separator has-alpha-channel-opacity\"\/>\n\n\n\n<figure class=\"wp-block-gallery alignwide has-nested-images columns-default is-cropped wp-block-gallery-2 is-layout-flex wp-block-gallery-is-layout-flex\">\n<figure class=\"wp-block-image size-large\"><a href=\"https:\/\/cert.pa\/wp-content\/uploads\/2025\/03\/semana_3-scaled.jpg\"><img decoding=\"async\" width=\"724\" height=\"1024\" data-id=\"4508\" src=\"https:\/\/cert.pa\/wp-content\/uploads\/2025\/03\/semana_3-724x1024.jpg\" alt=\"\" class=\"wp-image-4508\" srcset=\"https:\/\/cert.pa\/wp-content\/uploads\/2025\/03\/semana_3-724x1024.jpg 724w, https:\/\/cert.pa\/wp-content\/uploads\/2025\/03\/semana_3-212x300.jpg 212w, https:\/\/cert.pa\/wp-content\/uploads\/2025\/03\/semana_3-768x1086.jpg 768w, https:\/\/cert.pa\/wp-content\/uploads\/2025\/03\/semana_3-1086x1536.jpg 1086w, https:\/\/cert.pa\/wp-content\/uploads\/2025\/03\/semana_3-1448x2048.jpg 1448w, https:\/\/cert.pa\/wp-content\/uploads\/2025\/03\/semana_3-scaled.jpg 1810w\" sizes=\"(max-width: 724px) 100vw, 724px\" \/><\/a><\/figure>\n\n\n\n<figure class=\"wp-block-image size-large\"><a href=\"https:\/\/cert.pa\/wp-content\/uploads\/2025\/03\/semana_3_1-scaled.jpg\"><img loading=\"lazy\" decoding=\"async\" width=\"724\" height=\"1024\" data-id=\"4509\" src=\"https:\/\/cert.pa\/wp-content\/uploads\/2025\/03\/semana_3_1-724x1024.jpg\" alt=\"\" class=\"wp-image-4509\" srcset=\"https:\/\/cert.pa\/wp-content\/uploads\/2025\/03\/semana_3_1-724x1024.jpg 724w, https:\/\/cert.pa\/wp-content\/uploads\/2025\/03\/semana_3_1-212x300.jpg 212w, https:\/\/cert.pa\/wp-content\/uploads\/2025\/03\/semana_3_1-768x1086.jpg 768w, https:\/\/cert.pa\/wp-content\/uploads\/2025\/03\/semana_3_1-1086x1536.jpg 1086w, https:\/\/cert.pa\/wp-content\/uploads\/2025\/03\/semana_3_1-1448x2048.jpg 1448w, https:\/\/cert.pa\/wp-content\/uploads\/2025\/03\/semana_3_1-scaled.jpg 1810w\" sizes=\"(max-width: 724px) 100vw, 724px\" \/><\/a><\/figure>\n<\/figure>\n","protected":false},"excerpt":{"rendered":"<p>Tenemos que ser conscientes que las redes sociales tienen la capacidad de conectar con un amplio aspecto poblacional, estamos involucrados a socializar con personas de diversas culturas y costumbres. Donde se desarrolla una vida digital,&#8230;<\/p>\n","protected":false},"author":7,"featured_media":0,"parent":0,"menu_order":0,"comment_status":"closed","ping_status":"closed","template":"","meta":{"om_disable_all_campaigns":false,"_monsterinsights_skip_tracking":false,"_monsterinsights_sitenote_active":false,"_monsterinsights_sitenote_note":"","_monsterinsights_sitenote_category":0,"_uf_show_specific_survey":0,"_uf_disable_surveys":false,"footnotes":""},"class_list":["post-4504","page","type-page","status-publish","hentry"],"_links":{"self":[{"href":"https:\/\/cert.pa\/index.php?rest_route=\/wp\/v2\/pages\/4504","targetHints":{"allow":["GET"]}}],"collection":[{"href":"https:\/\/cert.pa\/index.php?rest_route=\/wp\/v2\/pages"}],"about":[{"href":"https:\/\/cert.pa\/index.php?rest_route=\/wp\/v2\/types\/page"}],"author":[{"embeddable":true,"href":"https:\/\/cert.pa\/index.php?rest_route=\/wp\/v2\/users\/7"}],"replies":[{"embeddable":true,"href":"https:\/\/cert.pa\/index.php?rest_route=%2Fwp%2Fv2%2Fcomments&post=4504"}],"version-history":[{"count":6,"href":"https:\/\/cert.pa\/index.php?rest_route=\/wp\/v2\/pages\/4504\/revisions"}],"predecessor-version":[{"id":4827,"href":"https:\/\/cert.pa\/index.php?rest_route=\/wp\/v2\/pages\/4504\/revisions\/4827"}],"wp:attachment":[{"href":"https:\/\/cert.pa\/index.php?rest_route=%2Fwp%2Fv2%2Fmedia&parent=4504"}],"curies":[{"name":"wp","href":"https:\/\/api.w.org\/{rel}","templated":true}]}}