{"id":4260,"date":"2025-02-26T11:23:12","date_gmt":"2025-02-26T16:23:12","guid":{"rendered":"https:\/\/cert.pa\/?page_id=4260"},"modified":"2025-09-30T12:48:03","modified_gmt":"2025-09-30T17:48:03","slug":"conectate-seguro","status":"publish","type":"page","link":"https:\/\/cert.pa\/?page_id=4260","title":{"rendered":"Con\u00e9ctate Seguro"},"content":{"rendered":"\n<p>Puedes descargar este contenido, en el siguiente enlace:\u00a0<a href=\"https:\/\/drive.google.com\/uc?export=download&amp;id=1hGA9-EpEu6m8dUgPcXxt61A4B10AcHEm\" target=\"_blank\" rel=\"noopener\" title=\"\">Descargar<\/a><\/p>\n\n\n\n<p>Este contenido es de uso p\u00fablico.<\/p>\n\n\n\n<figure class=\"wp-block-gallery has-nested-images columns-2 is-cropped wp-block-gallery-1 is-layout-flex wp-block-gallery-is-layout-flex\">\n<figure class=\"wp-block-image size-large\"><a href=\"https:\/\/cert.pa\/wp-content\/uploads\/2020\/06\/semana_4-4.png\"><img fetchpriority=\"high\" decoding=\"async\" width=\"819\" height=\"1024\" data-id=\"3744\" src=\"https:\/\/cert.pa\/wp-content\/uploads\/2020\/06\/semana_4-4-819x1024.png\" alt=\"\" class=\"wp-image-3744\" srcset=\"https:\/\/cert.pa\/wp-content\/uploads\/2020\/06\/semana_4-4-819x1024.png 819w, https:\/\/cert.pa\/wp-content\/uploads\/2020\/06\/semana_4-4-240x300.png 240w, https:\/\/cert.pa\/wp-content\/uploads\/2020\/06\/semana_4-4-768x960.png 768w, https:\/\/cert.pa\/wp-content\/uploads\/2020\/06\/semana_4-4.png 1080w\" sizes=\"(max-width: 819px) 100vw, 819px\" \/><\/a><\/figure>\n\n\n\n<figure class=\"wp-block-image size-large\"><a href=\"https:\/\/cert.pa\/wp-content\/uploads\/2020\/06\/semana_3-4.png\"><img decoding=\"async\" width=\"819\" height=\"1024\" data-id=\"3743\" src=\"https:\/\/cert.pa\/wp-content\/uploads\/2020\/06\/semana_3-4-819x1024.png\" alt=\"\" class=\"wp-image-3743\" srcset=\"https:\/\/cert.pa\/wp-content\/uploads\/2020\/06\/semana_3-4-819x1024.png 819w, https:\/\/cert.pa\/wp-content\/uploads\/2020\/06\/semana_3-4-240x300.png 240w, https:\/\/cert.pa\/wp-content\/uploads\/2020\/06\/semana_3-4-768x960.png 768w, https:\/\/cert.pa\/wp-content\/uploads\/2020\/06\/semana_3-4.png 1080w\" sizes=\"(max-width: 819px) 100vw, 819px\" \/><\/a><\/figure>\n<\/figure>\n\n\n\n<hr class=\"wp-block-separator has-alpha-channel-opacity is-style-dots\"\/>\n\n\n\n<figure class=\"wp-block-gallery has-nested-images columns-2 is-cropped wp-block-gallery-2 is-layout-flex wp-block-gallery-is-layout-flex\">\n<figure class=\"wp-block-image size-large\"><a href=\"https:\/\/cert.pa\/wp-content\/uploads\/2020\/06\/semana_2-4.png\"><img decoding=\"async\" width=\"819\" height=\"1024\" data-id=\"3742\" src=\"https:\/\/cert.pa\/wp-content\/uploads\/2020\/06\/semana_2-4-819x1024.png\" alt=\"\" class=\"wp-image-3742\" srcset=\"https:\/\/cert.pa\/wp-content\/uploads\/2020\/06\/semana_2-4-819x1024.png 819w, https:\/\/cert.pa\/wp-content\/uploads\/2020\/06\/semana_2-4-240x300.png 240w, https:\/\/cert.pa\/wp-content\/uploads\/2020\/06\/semana_2-4-768x960.png 768w, https:\/\/cert.pa\/wp-content\/uploads\/2020\/06\/semana_2-4.png 1080w\" sizes=\"(max-width: 819px) 100vw, 819px\" \/><\/a><\/figure>\n\n\n\n<figure class=\"wp-block-image size-large\"><a href=\"https:\/\/cert.pa\/wp-content\/uploads\/2020\/06\/semana_1-4.png\"><img loading=\"lazy\" decoding=\"async\" width=\"819\" height=\"1024\" data-id=\"3741\" src=\"https:\/\/cert.pa\/wp-content\/uploads\/2020\/06\/semana_1-4-819x1024.png\" alt=\"\" class=\"wp-image-3741\" srcset=\"https:\/\/cert.pa\/wp-content\/uploads\/2020\/06\/semana_1-4-819x1024.png 819w, https:\/\/cert.pa\/wp-content\/uploads\/2020\/06\/semana_1-4-240x300.png 240w, https:\/\/cert.pa\/wp-content\/uploads\/2020\/06\/semana_1-4-768x960.png 768w, https:\/\/cert.pa\/wp-content\/uploads\/2020\/06\/semana_1-4.png 1080w\" sizes=\"(max-width: 819px) 100vw, 819px\" \/><\/a><\/figure>\n<\/figure>\n\n\n\n<hr class=\"wp-block-separator has-alpha-channel-opacity is-style-dots\"\/>\n\n\n\n<div class=\"wp-block-columns is-layout-flex wp-container-core-columns-is-layout-9d6595d7 wp-block-columns-is-layout-flex\">\n<div class=\"wp-block-column is-layout-flow wp-block-column-is-layout-flow\">\n<figure class=\"wp-block-embed is-type-wp-embed is-provider-csirt-panama wp-block-embed-csirt-panama\"><div class=\"wp-block-embed__wrapper\">\n<blockquote class=\"wp-embedded-content\" data-secret=\"3SIqeFB2Ro\"><a href=\"https:\/\/cert.pa\/?p=4183\">Estad\u00edsticas de Incidencias de Seguridad Inform\u00e1tica 2024 en el CSIRT Panam\u00e1<\/a><\/blockquote><iframe class=\"wp-embedded-content\" sandbox=\"allow-scripts\" security=\"restricted\" style=\"position: absolute; visibility: hidden;\" title=\"&#8220;Estad\u00edsticas de Incidencias de Seguridad Inform\u00e1tica 2024 en el CSIRT Panam\u00e1&#8221; &#8212; CSIRT Panama\" src=\"https:\/\/cert.pa\/?p=4183&#038;embed=true#?secret=155ieOgOGx#?secret=3SIqeFB2Ro\" data-secret=\"3SIqeFB2Ro\" width=\"500\" height=\"282\" frameborder=\"0\" marginwidth=\"0\" marginheight=\"0\" scrolling=\"no\"><\/iframe>\n<\/div><\/figure>\n<\/div>\n\n\n\n<div class=\"wp-block-column is-layout-flow wp-block-column-is-layout-flow\">\n<figure class=\"wp-block-embed is-type-wp-embed is-provider-csirt-panama wp-block-embed-csirt-panama\"><div class=\"wp-block-embed__wrapper\">\n<blockquote class=\"wp-embedded-content\" data-secret=\"BnV6mJario\"><a href=\"https:\/\/cert.pa\/?p=3370\">Actualizaci\u00f3n del Traffic Light Protocol (TLP) Versi\u00f3n 2.0<\/a><\/blockquote><iframe class=\"wp-embedded-content\" sandbox=\"allow-scripts\" security=\"restricted\" style=\"position: absolute; visibility: hidden;\" title=\"&#8220;Actualizaci\u00f3n del Traffic Light Protocol (TLP) Versi\u00f3n 2.0&#8221; &#8212; CSIRT Panama\" src=\"https:\/\/cert.pa\/?p=3370&#038;embed=true#?secret=lKWbytmW6H#?secret=BnV6mJario\" data-secret=\"BnV6mJario\" width=\"500\" height=\"282\" frameborder=\"0\" marginwidth=\"0\" marginheight=\"0\" scrolling=\"no\"><\/iframe>\n<\/div><\/figure>\n<\/div>\n<\/div>\n","protected":false},"excerpt":{"rendered":"<p>Puedes descargar este contenido, en el siguiente enlace:\u00a0Descargar Este contenido es de uso p\u00fablico. Estad\u00edsticas de Incidencias de Seguridad Inform\u00e1tica 2024 en el CSIRT Panam\u00e1 Actualizaci\u00f3n del Traffic Light Protocol (TLP) Versi\u00f3n 2.0<\/p>\n","protected":false},"author":7,"featured_media":0,"parent":0,"menu_order":0,"comment_status":"closed","ping_status":"closed","template":"","meta":{"om_disable_all_campaigns":false,"_monsterinsights_skip_tracking":false,"_monsterinsights_sitenote_active":false,"_monsterinsights_sitenote_note":"","_monsterinsights_sitenote_category":0,"_uf_show_specific_survey":0,"_uf_disable_surveys":false,"footnotes":""},"class_list":["post-4260","page","type-page","status-publish","hentry"],"_links":{"self":[{"href":"https:\/\/cert.pa\/index.php?rest_route=\/wp\/v2\/pages\/4260","targetHints":{"allow":["GET"]}}],"collection":[{"href":"https:\/\/cert.pa\/index.php?rest_route=\/wp\/v2\/pages"}],"about":[{"href":"https:\/\/cert.pa\/index.php?rest_route=\/wp\/v2\/types\/page"}],"author":[{"embeddable":true,"href":"https:\/\/cert.pa\/index.php?rest_route=\/wp\/v2\/users\/7"}],"replies":[{"embeddable":true,"href":"https:\/\/cert.pa\/index.php?rest_route=%2Fwp%2Fv2%2Fcomments&post=4260"}],"version-history":[{"count":4,"href":"https:\/\/cert.pa\/index.php?rest_route=\/wp\/v2\/pages\/4260\/revisions"}],"predecessor-version":[{"id":4823,"href":"https:\/\/cert.pa\/index.php?rest_route=\/wp\/v2\/pages\/4260\/revisions\/4823"}],"wp:attachment":[{"href":"https:\/\/cert.pa\/index.php?rest_route=%2Fwp%2Fv2%2Fmedia&parent=4260"}],"curies":[{"name":"wp","href":"https:\/\/api.w.org\/{rel}","templated":true}]}}