{"id":39,"date":"2015-07-28T14:13:45","date_gmt":"2015-07-28T14:13:45","guid":{"rendered":"http:\/\/10.252.76.154\/?page_id=39"},"modified":"2025-07-07T15:33:49","modified_gmt":"2025-07-07T20:33:49","slug":"contactenos","status":"publish","type":"page","link":"https:\/\/cert.pa\/?page_id=39","title":{"rendered":"Cont\u00e1ctenos"},"content":{"rendered":"\n<h4 class=\"wp-block-heading\">Ubicaci\u00f3n CSIRT Panam\u00e1<\/h4>\n\n\n\n<h4 class=\"wp-block-heading\">Informaci\u00f3n\nde Contacto<\/h4>\n\n\n\n<ul class=\"wp-block-list\">\n<li>Avenida Romulo Bethancourt, Balboa,<br>Edificio 757<\/li>\n<\/ul>\n\n\n\n<ul class=\"wp-block-list\">\n<li>Tel. (+507)520-2378(CERT)<\/li>\n\n\n\n<li>Solicitud de informaci\u00f3n:  info@cert.pa<\/li>\n\n\n\n<li>Reporte de incidentes: incidentes@cert.pa <\/li>\n<\/ul>\n\n\n\n<p>Para reportes de incidentes de seguridad por favor completar el <strong>Formulario de Reportes de Incidentes<\/strong> y enviarlo a trav\u00e9s de correo electr\u00f3nico a la cuenta <strong>incidentes@cert.pa.<\/strong> La utilizaci\u00f3n de PGP\/GnuPG es altamente recomendada en los casos en donde informaci\u00f3n sensitiva se vea involucrada.<\/p>\n\n\n\n<figure class=\"wp-block-table\"><table><tbody><tr><td>\nFormulario de Reportes de Incidentes\n<\/td><td>\n<a href=\"https:\/\/cert.pa\/wp-content\/uploads\/2019\/12\/CERT-016-Form-Reporte-de-Incidentes.txt\" target=\"_blank\" rel=\"noreferrer noopener\">Descargar archivo<\/a>\n<\/td><\/tr><tr><td>\nLlave P\u00fablica de CSIRT PANAMA\n<\/td><td>\n<a href=\"https:\/\/cert.pa\/wp-content\/uploads\/2019\/12\/PGP-PUBLIC-KEY-BLOCK.txt\" target=\"_blank\" rel=\"noreferrer noopener\">Descargar archivo<\/a>\n<\/td><\/tr><\/tbody><\/table><\/figure>\n","protected":false},"excerpt":{"rendered":"<p>Ubicaci\u00f3n CSIRT Panam\u00e1 Informaci\u00f3n de Contacto Avenida Romulo Bethancourt, Balboa,Edificio 757 Tel. (+507)520-2378(CERT) Solicitud de informaci\u00f3n: info@cert.pa Reporte de incidentes: incidentes@cert.pa Para reportes de incidentes de seguridad por favor completar el Formulario de Reportes de&#8230;<\/p>\n","protected":false},"author":3,"featured_media":0,"parent":0,"menu_order":60,"comment_status":"closed","ping_status":"open","template":"","meta":{"om_disable_all_campaigns":false,"_monsterinsights_skip_tracking":false,"_monsterinsights_sitenote_active":false,"_monsterinsights_sitenote_note":"","_monsterinsights_sitenote_category":0,"_uf_show_specific_survey":0,"_uf_disable_surveys":false,"footnotes":""},"class_list":["post-39","page","type-page","status-publish","hentry"],"aioseo_notices":[],"_links":{"self":[{"href":"https:\/\/cert.pa\/index.php?rest_route=\/wp\/v2\/pages\/39","targetHints":{"allow":["GET"]}}],"collection":[{"href":"https:\/\/cert.pa\/index.php?rest_route=\/wp\/v2\/pages"}],"about":[{"href":"https:\/\/cert.pa\/index.php?rest_route=\/wp\/v2\/types\/page"}],"author":[{"embeddable":true,"href":"https:\/\/cert.pa\/index.php?rest_route=\/wp\/v2\/users\/3"}],"replies":[{"embeddable":true,"href":"https:\/\/cert.pa\/index.php?rest_route=%2Fwp%2Fv2%2Fcomments&post=39"}],"version-history":[{"count":36,"href":"https:\/\/cert.pa\/index.php?rest_route=\/wp\/v2\/pages\/39\/revisions"}],"predecessor-version":[{"id":4645,"href":"https:\/\/cert.pa\/index.php?rest_route=\/wp\/v2\/pages\/39\/revisions\/4645"}],"wp:attachment":[{"href":"https:\/\/cert.pa\/index.php?rest_route=%2Fwp%2Fv2%2Fmedia&parent=39"}],"curies":[{"name":"wp","href":"https:\/\/api.w.org\/{rel}","templated":true}]}}