{"id":353,"date":"2015-09-30T10:17:09","date_gmt":"2015-09-30T15:17:09","guid":{"rendered":"https:\/\/cert.pa\/?page_id=353"},"modified":"2025-10-22T12:35:47","modified_gmt":"2025-10-22T17:35:47","slug":"documentos-de-interes","status":"publish","type":"page","link":"https:\/\/cert.pa\/?page_id=353","title":{"rendered":"Documentos de Inter\u00e9s"},"content":{"rendered":"\n<figure class=\"wp-block-table\"><table><tbody><tr><td>\n<h5>T\u00edtulo<\/h5>\n<\/td><td>\n<h6 style=\"text-align: left;\">Archivo<\/h6>\n<\/td><\/tr><tr><td>\n<h6>Decreto Ejecutivo: Creaci\u00f3n de CSIRT Panam\u00e1<\/h6>\n<\/td><td>\n<h6><a href=\"https:\/\/cert.pa\/wp-content\/uploads\/2015\/09\/Decreto-Ejecutivo-no-709.pdf\" target=\"_blank\" rel=\"noopener noreferrer\">Descargar archivo<\/a><\/h6>\n<\/td><\/tr><tr><td><h6>Estrategia Nacional de Ciberseguridad de Panam\u00e1 2021<\/h6><\/td><td><h6><a href=\"https:\/\/www.gacetaoficial.gob.pa\/pdfTemp\/29434_A\/88864.pdf\" data-type=\"URL\" data-id=\"https:\/\/www.gacetaoficial.gob.pa\/pdfTemp\/29434_A\/88864.pdf\" target=\"_blank\" rel=\"noreferrer noopener\">Descargar archivo<\/a><\/h6><\/td><\/tr><tr><td> <h6>Estrategia Nacional de Seguridad Cibern\u00e9tica 2013<\/h6><\/td><td>\n<h6><a href=\"https:\/\/www.gacetaoficial.gob.pa\/pdfTemp\/27289_A\/GacetaNo_27289a_20130517.pdf\" target=\"_blank\" rel=\"noopener noreferrer\">Descargar archivo<\/a><\/h6>\n<\/td><\/tr><tr><td>\n<h6>Resiliencia de las Infraestructuras Cr\u00edticas, Protecci\u00f3n de Menores de Edad en Internet y Seguridad Cibern\u00e9tica<\/h6>\n<\/td><td> <h6><a href=\"https:\/\/aig.gob.pa\/descargas\/2019\/08\/resiliencia-de-las-infraestructuras-criticas-proteccion-de-menores-de-edad-en-internet-y-seguridad-cibernetica.pdf?csrt=8577146139311073966\">Descargar archivo<\/a><\/h6> <\/td><\/tr><tr><td>\n<h6>Adopci\u00f3n de una Estrategia Interamericana Integral de Seguridad Cibern\u00e9tica<\/h6>\n<h6><\/h6>\n<\/td><td> <h6><a href=\"https:\/\/aig.gob.pa\/descargas\/2019\/08\/adopcion-de-una-estrategia-interamericana-integral-de-seguridad-cibernetica.pdf?csrt=8577146139311073966\">Descargar archivo<\/a><\/h6> <\/td><\/tr><tr><td>\n<h6>WEF &#8211; Asociaci\u00f3n por la Resiliencia Cibern\u00e9tica<\/h6>\n<\/td><td> <h6><a href=\"https:\/\/aig.gob.pa\/descargas\/2019\/08\/wef-asociacion-por-la-resiliencia-cibernetica.pdf?csrt=8577146139311073966\" target=\"_blank\" rel=\"noreferrer noopener\" aria-label=\" (opens in a new tab)\">Descargar archivo<\/a><\/h6> <\/td><\/tr><tr><td>\n<h6>Llave P\u00fablica de CSIRT PANAMA<\/h6>\n<\/td><td> <h6><a href=\"https:\/\/aig.gob.pa\/descargas\/2019\/08\/LlavepublicaCSIRTPANAMA.zip?csrt=8577146139311073966\" target=\"_blank\" rel=\"noreferrer noopener\" aria-label=\" (opens in a new tab)\">Descargar archivo<\/a><\/h6> <\/td><\/tr><tr><td>\n<h6>Formulario de Reportes de Incidentes<\/h6>\n<\/td><td> <h6><a href=\"https:\/\/aig.gob.pa\/descargas\/2019\/08\/CERT-016-Form-Reporte-de-Incidentes.txt?csrt=8577146139311073966\" target=\"_blank\" rel=\"noreferrer noopener\" aria-label=\" (opens in a new tab)\">Descargar archivo<\/a><\/h6> <\/td><\/tr><tr><td><h6>Ley 81 Protecci\u00f3n de Datos Personales<\/h6><\/td><td><a href=\"https:\/\/www.gacetaoficial.gob.pa\/pdfTemp\/28743_A\/GacetaNo_28743a_20190329.pdf\" target=\"_blank\" rel=\"noreferrer noopener\" aria-label=\"Descargar archivo (opens in a new tab)\">Descargar archivo<\/a><\/td><\/tr><tr><td><h6>Ley 478 del 4 de agosto de 2025<\/h6><\/td><td><h6><a href=\"https:\/\/www.gacetaoficial.gob.pa\/pdfTemp\/30337\/GacetaNo_30337_20250805.pdf\" target=\"_blank\" rel=\"noopener\" title=\"\">Descargar archivo<\/a><\/h6><\/td><\/tr><\/tbody><\/table><\/figure>\n\n\n\n<ul class=\"wp-block-list\">\n<li>Para <strong>reporte de incidentes<\/strong> por favor descargar y completar el formulario <a data-type=\"URL\" data-id=\"https:\/\/cert.pa\/wp-content\/uploads\/2019\/12\/CERT-016-Form-Reporte-de-Incidentes.txt\" href=\"https:\/\/cert.pa\/wp-content\/uploads\/2019\/12\/CERT-016-Form-Reporte-de-Incidentes.txt\" target=\"_blank\" rel=\"noreferrer noopener\">CERT-016<\/a>&nbsp;y&nbsp;enviarlo a la direcci\u00f3n: <a href=\"mailto:incidentes@cert.pa\" title=\"Buzon de reporte de incidentes. Adjuntar formulario CERT-016\">incidentes@cert.pa<\/a><\/li>\n<\/ul>\n","protected":false},"excerpt":{"rendered":"<p>T\u00edtulo Archivo Decreto Ejecutivo: Creaci\u00f3n de CSIRT Panam\u00e1 Descargar archivo Estrategia Nacional de Ciberseguridad de Panam\u00e1 2021Descargar archivo Estrategia Nacional de Seguridad Cibern\u00e9tica 2013 Descargar archivo Resiliencia de las Infraestructuras Cr\u00edticas, Protecci\u00f3n de Menores de&#8230;<\/p>\n","protected":false},"author":3,"featured_media":0,"parent":0,"menu_order":0,"comment_status":"closed","ping_status":"closed","template":"","meta":{"om_disable_all_campaigns":false,"_monsterinsights_skip_tracking":false,"_monsterinsights_sitenote_active":false,"_monsterinsights_sitenote_note":"","_monsterinsights_sitenote_category":0,"_uf_show_specific_survey":0,"_uf_disable_surveys":false,"footnotes":""},"class_list":["post-353","page","type-page","status-publish","hentry"],"aioseo_notices":[],"_links":{"self":[{"href":"https:\/\/cert.pa\/index.php?rest_route=\/wp\/v2\/pages\/353","targetHints":{"allow":["GET"]}}],"collection":[{"href":"https:\/\/cert.pa\/index.php?rest_route=\/wp\/v2\/pages"}],"about":[{"href":"https:\/\/cert.pa\/index.php?rest_route=\/wp\/v2\/types\/page"}],"author":[{"embeddable":true,"href":"https:\/\/cert.pa\/index.php?rest_route=\/wp\/v2\/users\/3"}],"replies":[{"embeddable":true,"href":"https:\/\/cert.pa\/index.php?rest_route=%2Fwp%2Fv2%2Fcomments&post=353"}],"version-history":[{"count":33,"href":"https:\/\/cert.pa\/index.php?rest_route=\/wp\/v2\/pages\/353\/revisions"}],"predecessor-version":[{"id":4852,"href":"https:\/\/cert.pa\/index.php?rest_route=\/wp\/v2\/pages\/353\/revisions\/4852"}],"wp:attachment":[{"href":"https:\/\/cert.pa\/index.php?rest_route=%2Fwp%2Fv2%2Fmedia&parent=353"}],"curies":[{"name":"wp","href":"https:\/\/api.w.org\/{rel}","templated":true}]}}