{"id":2769,"date":"2021-07-15T09:14:55","date_gmt":"2021-07-15T14:14:55","guid":{"rendered":"https:\/\/cert.pa\/?page_id=2769"},"modified":"2024-06-11T11:43:16","modified_gmt":"2024-06-11T16:43:16","slug":"videos","status":"publish","type":"page","link":"https:\/\/cert.pa\/?page_id=2769","title":{"rendered":"Videos"},"content":{"rendered":"\n<p class=\"has-text-align-center\"><strong>\u00bfQu\u00e9 es CSIRT Panam\u00e1?<\/strong><\/p>\n\n\n<p><center><iframe width=\"560\" height=\"315\" src=\"https:\/\/www.youtube.com\/embed\/vtCIwkoxqSA\" title=\"YouTube video player\" frameborder=\"0\" allow=\"accelerometer; autoplay; clipboard-write; encrypted-media; gyroscope; picture-in-picture\" allowfullscreen=\"\"><\/iframe><\/center><\/p>\n\n\n\n<p class=\"has-text-align-center\">Panam\u00e1 cuenta con un equipo de respuesta a incidentes de seguridad de la informaci\u00f3n, que se encarga de la prevenci\u00f3n, tratamiento, identificaci\u00f3n y resoluci\u00f3n de ataques o incidentes, sobre sistemas inform\u00e1ticos que conforman la infraestructura cr\u00edtica del pa\u00eds.<\/p>\n\n\n\n<p class=\"has-text-align-center\"><strong>IV Jornada STIC-cap\u00edtulo de Panam\u00e1, bajo el lema\u00a0\u201cGobernar y Compartir, las claves del \u00e9xito en ciberseguridad\u201d<\/strong><\/p>\n\n\n\n<div class=\"wp-block-columns is-layout-flex wp-container-core-columns-is-layout-9d6595d7 wp-block-columns-is-layout-flex\">\n<div class=\"wp-block-column is-layout-flow wp-block-column-is-layout-flow\"><p><center><iframe width=\"560\" height=\"315\" src=\"https:\/\/www.youtube.com\/embed\/ny1ahILVa8E?si=IIqHfL9jC7cYWmRN\" title=\"YouTube video player\" frameborder=\"0\" allow=\"accelerometer; autoplay; clipboard-write; encrypted-media; gyroscope; picture-in-picture; web-share\" allowfullscreen><\/iframe><\/center><\/p>\n<\/div>\n\n\n\n<div class=\"wp-block-column is-layout-flow wp-block-column-is-layout-flow\"><p><center><iframe width=\"560\" height=\"315\" src=\"https:\/\/www.youtube.com\/embed\/RqzPTVrdu68?si=RgGLVfQLM7Y_lGgm\" title=\"YouTube video player\" frameborder=\"0\" allow=\"accelerometer; autoplay; clipboard-write; encrypted-media; gyroscope; picture-in-picture; web-share\" allowfullscreen><\/iframe><\/center><\/p>\n<\/div>\n<\/div>\n\n\n\n<div class=\"wp-block-columns is-layout-flex wp-container-core-columns-is-layout-9d6595d7 wp-block-columns-is-layout-flex\">\n<div class=\"wp-block-column is-layout-flow wp-block-column-is-layout-flow\">\n<p class=\"has-text-align-center\"><strong>Panel Sector log\u00edstico: \u201cConvergencia del Centro log\u00edstico en Panam\u00e1 y la ciberseguridad\u201d. <\/strong><\/p>\n<\/div>\n\n\n\n<div class=\"wp-block-column is-layout-flow wp-block-column-is-layout-flow\">\n<p class=\"has-text-align-center\"><strong>Panel Multisectorial: &#8220;Interacci\u00f3n de las comunidades de ciberseguridad&#8221;. <\/strong><\/p>\n<\/div>\n<\/div>\n\n\n\n<div class=\"wp-block-columns is-layout-flex wp-container-core-columns-is-layout-9d6595d7 wp-block-columns-is-layout-flex\">\n<div class=\"wp-block-column is-layout-flow wp-block-column-is-layout-flow\"><p><center><iframe width=\"560\" height=\"315\" src=\"https:\/\/www.youtube.com\/embed\/8zIgfuSzSzM?si=ZxkIcWsV88qX4VML\" title=\"YouTube video player\" frameborder=\"0\" allow=\"accelerometer; autoplay; clipboard-write; encrypted-media; gyroscope; picture-in-picture; web-share\" allowfullscreen><\/iframe><\/center><\/p>\n<\/div>\n\n\n\n<div class=\"wp-block-column is-layout-flow wp-block-column-is-layout-flow\"><p><center><iframe width=\"560\" height=\"315\" src=\"https:\/\/www.youtube.com\/embed\/qrjdtnx2Cjw?si=aQeKLCmrG_XEsGxW\" title=\"YouTube video player\" frameborder=\"0\" allow=\"accelerometer; autoplay; clipboard-write; encrypted-media; gyroscope; picture-in-picture; web-share\" allowfullscreen><\/iframe><\/center><\/p>\n<\/div>\n<\/div>\n\n\n\n<div class=\"wp-block-columns is-layout-flex wp-container-core-columns-is-layout-9d6595d7 wp-block-columns-is-layout-flex\">\n<div class=\"wp-block-column is-layout-flow wp-block-column-is-layout-flow\">\n<p class=\"has-text-align-center\"><strong>La ciberseguridad en la Educaci\u00f3n Superior<\/strong>. <strong> <\/strong><\/p>\n<\/div>\n\n\n\n<div class=\"wp-block-column is-layout-flow wp-block-column-is-layout-flow\">\n<p class=\"has-text-align-center\"><strong>El marco legal en Ciberseguridad en Panam\u00e1, Presente y Futuro. <\/strong><\/p>\n<\/div>\n<\/div>\n\n\n\n<div class=\"wp-block-columns is-layout-flex wp-container-core-columns-is-layout-9d6595d7 wp-block-columns-is-layout-flex\">\n<div class=\"wp-block-column is-layout-flow wp-block-column-is-layout-flow\"><p><center><iframe width=\"560\" height=\"315\" src=\"https:\/\/www.youtube.com\/embed\/DzbPzqIYjMw?si=he2BCpYSuG8RaREJ\" title=\"YouTube video player\" frameborder=\"0\" allow=\"accelerometer; autoplay; clipboard-write; encrypted-media; gyroscope; picture-in-picture; web-share\" allowfullscreen><\/iframe><\/center><\/p>\n<\/div>\n\n\n\n<div class=\"wp-block-column is-layout-flow wp-block-column-is-layout-flow\"><p><center><iframe width=\"560\" height=\"315\" src=\"https:\/\/www.youtube.com\/embed\/KlXGhgx27Qo?si=RgsLEdNDADg-AhpA\" title=\"YouTube video player\" frameborder=\"0\" allow=\"accelerometer; autoplay; clipboard-write; encrypted-media; gyroscope; picture-in-picture; web-share\" allowfullscreen><\/iframe><\/center><\/p>\n<\/div>\n<\/div>\n\n\n\n<div class=\"wp-block-columns is-layout-flex wp-container-core-columns-is-layout-9d6595d7 wp-block-columns-is-layout-flex\">\n<div class=\"wp-block-column is-layout-flow wp-block-column-is-layout-flow\">\n<p class=\"has-text-align-center\"><strong>Cultura de Ciberseguridad, Campa\u00f1a Panam\u00e1 Cibersegura<\/strong>. <strong> <\/strong><\/p>\n<\/div>\n\n\n\n<div class=\"wp-block-column is-layout-flow wp-block-column-is-layout-flow\">\n<p class=\"has-text-align-center\"><strong>Gobernanza de Ciberseguridad en Panam\u00e1. <\/strong><\/p>\n<\/div>\n<\/div>\n\n\n\n<div style=\"height:25px\" aria-hidden=\"true\" class=\"wp-block-spacer\"><\/div>\n\n\n\n<hr class=\"wp-block-separator has-alpha-channel-opacity is-style-dots\"\/>\n\n\n\n<div style=\"height:25px\" aria-hidden=\"true\" class=\"wp-block-spacer\"><\/div>\n\n\n\n<div class=\"wp-block-columns is-layout-flex wp-container-core-columns-is-layout-9d6595d7 wp-block-columns-is-layout-flex\">\n<div class=\"wp-block-column is-layout-flow wp-block-column-is-layout-flow\"><p><center><iframe width=\"560\" height=\"315\" src=\"https:\/\/www.youtube.com\/embed\/1rMMzMLEUw0?si=h8PbiIPpcw8tYEvt\" title=\"YouTube video player\" frameborder=\"0\" allow=\"accelerometer; autoplay; clipboard-write; encrypted-media; gyroscope; picture-in-picture; web-share\" allowfullscreen><\/iframe><\/center><\/p>\n<\/div>\n\n\n\n<div class=\"wp-block-column is-layout-flow wp-block-column-is-layout-flow\"><p><center><iframe width=\"560\" height=\"315\" src=\"https:\/\/www.youtube.com\/embed\/90sbIIlHelo?si=YC7_5UQ4AXBypA7Q\" title=\"YouTube video player\" frameborder=\"0\" allow=\"accelerometer; autoplay; clipboard-write; encrypted-media; gyroscope; picture-in-picture; web-share\" allowfullscreen><\/iframe><\/center><\/p>\n<\/div>\n<\/div>\n\n\n\n<div class=\"wp-block-columns is-layout-flex wp-container-core-columns-is-layout-9d6595d7 wp-block-columns-is-layout-flex\">\n<div class=\"wp-block-column is-layout-flow wp-block-column-is-layout-flow\">\n<h2 class=\"wp-block-heading\"><strong><strong>\u201cJuntos por una Internet mejor\u201d en el d\u00eda de Internet Seguro 2024<\/strong><\/strong>.  <\/h2>\n<\/div>\n\n\n\n<div class=\"wp-block-column is-layout-flow wp-block-column-is-layout-flow\">\n<h2 class=\"wp-block-heading\"><strong>Asegurar Nuestro Mundo \u2013 \u201cSecure Our World\u201d<\/strong>.  <\/h2>\n<\/div>\n<\/div>\n\n\n\n<div class=\"wp-block-columns is-layout-flex wp-container-core-columns-is-layout-9d6595d7 wp-block-columns-is-layout-flex\">\n<div class=\"wp-block-column is-layout-flow wp-block-column-is-layout-flow\">\n<p>Celebramos el \u201cSafer Internet Day\u201d (SID, por sus siglas en ingl\u00e9s), el d\u00eda del internet seguro. Con el objetivo de impulsar un uso responsable y seguro de las nuevas tecnolog\u00edas y el internet, especialmente entre los ni\u00f1os y adolescentes.<\/p>\n<\/div>\n\n\n\n<div class=\"wp-block-column is-layout-flow wp-block-column-is-layout-flow\">\n<p>\u201cAsegurar Nuestro Mundo\u201d, es un programa que promueve cambios de comportamiento en la sociedad, con un enfoque particular en c\u00f3mo las personas, las familias y las peque\u00f1as y medianas empresas pueden asegurar nuestro mundo centr\u00e1ndose en las cuatro acciones cr\u00edticas.<\/p>\n<\/div>\n<\/div>\n\n\n\n<div class=\"wp-block-columns is-layout-flex wp-container-core-columns-is-layout-9d6595d7 wp-block-columns-is-layout-flex\">\n<div class=\"wp-block-column is-layout-flow wp-block-column-is-layout-flow\"><p><center><iframe width=\"560\" height=\"315\" src=\"https:\/\/www.youtube.com\/embed\/nh-ulwQAkjA\" title=\"YouTube video player\" frameborder=\"0\" allow=\"accelerometer; autoplay; clipboard-write; encrypted-media; gyroscope; picture-in-picture\" allowfullscreen=\"\"><\/iframe><\/center><\/p>\n<\/div>\n\n\n\n<div class=\"wp-block-column is-layout-flow wp-block-column-is-layout-flow\"><p><center><iframe width=\"560\" height=\"315\" src=\"https:\/\/www.youtube.com\/embed\/Eqz72ejGYEw\" title=\"YouTube video player\" frameborder=\"0\" allow=\"accelerometer; autoplay; clipboard-write; encrypted-media; gyroscope; picture-in-picture\" allowfullscreen><\/iframe><\/center><\/p>\n<\/div>\n<\/div>\n\n\n\n<div class=\"wp-block-columns is-layout-flex wp-container-core-columns-is-layout-9d6595d7 wp-block-columns-is-layout-flex\">\n<div class=\"wp-block-column is-layout-flow wp-block-column-is-layout-flow\">\n<h2 class=\"wp-block-heading\"><strong>Jornada de Ciberseguridad 2021<\/strong>. <\/h2>\n<\/div>\n\n\n\n<div class=\"wp-block-column is-layout-flow wp-block-column-is-layout-flow\">\n<h2 class=\"wp-block-heading\"><strong>Jornada de Ciberseguridad 2022<\/strong>. <\/h2>\n<\/div>\n<\/div>\n\n\n\n<div class=\"wp-block-columns is-layout-flex wp-container-core-columns-is-layout-9d6595d7 wp-block-columns-is-layout-flex\">\n<div class=\"wp-block-column is-layout-flow wp-block-column-is-layout-flow\">\n<p>En conmemoraci\u00f3n del \u201cMes de la concientizaci\u00f3n en ciberseguridad\u201d,\u00a0la Autoridad Nacional para la Innovaci\u00f3n Gubernamental en coordinaci\u00f3n con CSIRT Panam\u00e1 celebr\u00f3 la Jornada de Ciberseguridad 2021, integrada por el V Foro de Ciberseguridad: \u201cTecnolog\u00eda, ciberseguridad y concientizaci\u00f3n, claves para el futuro\u201d, el\u00a0II Conversatorio de mujeres: \u201cLa ciberseguridad al servicio de la sociedad\u201d y el Panel \u201cLey 81 sobre la Protecci\u00f3n de Datos Personales\u201d.<\/p>\n<\/div>\n\n\n\n<div class=\"wp-block-column is-layout-flow wp-block-column-is-layout-flow\">\n<p>En conmemoraci\u00f3n del \u201cMes de la concientizaci\u00f3n en ciberseguridad\u201d, la Autoridad Nacional para la Innovaci\u00f3n Gubernamental en coordinaci\u00f3n con CSIRT Panam\u00e1 celebr\u00f3 el VI Foro de Ciberseguridad: \u201cCiberseguridad, \u00bfPor qu\u00e9 debe interesarme?\u201d y las ponencias \u201cAdapt\u00e1ndonos a una sociedad digital: riesgos y desaf\u00edos\u201d y \u201cLa importancia de la gesti\u00f3n de los Cyber riesgos.\u201d<\/p>\n<\/div>\n<\/div>\n\n\n\n<div class=\"wp-block-columns is-layout-flex wp-container-core-columns-is-layout-9d6595d7 wp-block-columns-is-layout-flex\">\n<div class=\"wp-block-column is-layout-flow wp-block-column-is-layout-flow\"><p><center><iframe width=\"560\" height=\"315\" src=\"https:\/\/www.youtube.com\/embed\/zwWLR8R71qo\" title=\"YouTube video player\" frameborder=\"0\" allow=\"accelerometer; autoplay; clipboard-write; encrypted-media; gyroscope; picture-in-picture\" allowfullscreen=\"\"><\/iframe><\/center><\/p>\n<\/div>\n\n\n\n<div class=\"wp-block-column is-layout-flow wp-block-column-is-layout-flow\"><p><center><iframe width=\"560\" height=\"315\" src=\"https:\/\/www.youtube.com\/embed\/AKXA1RSGNcg\" title=\"YouTube video player\" frameborder=\"0\" allow=\"accelerometer; autoplay; clipboard-write; encrypted-media; gyroscope; picture-in-picture\" allowfullscreen=\"\"><\/iframe><\/center><\/p>\n<\/div>\n<\/div>\n\n\n\n<div class=\"wp-block-columns is-layout-flex wp-container-core-columns-is-layout-9d6595d7 wp-block-columns-is-layout-flex\">\n<div class=\"wp-block-column is-layout-flow wp-block-column-is-layout-flow\">\n<h2 class=\"wp-block-heading\"><strong>Taller de Concientizaci\u00f3n en Ciberseguridad: \u201cAdministraci\u00f3n Segura de las Redes Sociales&#8221;<\/strong>. <\/h2>\n<\/div>\n\n\n\n<div class=\"wp-block-column is-layout-flow wp-block-column-is-layout-flow\">\n<h2 class=\"wp-block-heading\"><strong>Foro: Ciberseguridad en las Redes Sociales<\/strong>. <\/h2>\n<\/div>\n<\/div>\n\n\n\n<div class=\"wp-block-columns is-layout-flex wp-container-core-columns-is-layout-9d6595d7 wp-block-columns-is-layout-flex\">\n<div class=\"wp-block-column is-layout-flow wp-block-column-is-layout-flow\">\n<p>En conmemoraci\u00f3n del \u201cMes de la concientizaci\u00f3n en ciberseguridad\u201d, la Autoridad Nacional para la Innovaci\u00f3n Gubernamental en coordinaci\u00f3n con CSIRT Panam\u00e1 celebr\u00f3 el Taller de Concientizaci\u00f3n en Ciberseguridad: &#8220;Administraci\u00f3n Segura de las Redes Sociales&#8221; enfocado en el sector gobierno. En esta oportunidad nos acompa\u00f1\u00f3 la Ing. Ericka Vald\u00e9s en representaci\u00f3n de WOSEC Panam\u00e1.<\/p>\n<\/div>\n\n\n\n<div class=\"wp-block-column is-layout-flow wp-block-column-is-layout-flow\">\n<p>Celebrando el d\u00eda internacional de las redes sociales, compartimos con nuestra audiencia el\u00a0webinar: \u201cCiberseguridad en Redes Sociales\u201d<strong>.<\/strong>\u00a0 <\/p>\n\n\n\n<p>Con la participaci\u00f3n de la\u00a0Ing. Nazly Borrero,<strong>\u00a0<\/strong>representante de Latam Women in Cybersecurity (WOMCY), con el objetivo de conocer los diversos riesgos a los que estamos expuestos en las redes sociales, especialmente los menores de edad.<\/p>\n<\/div>\n<\/div>\n\n\n\n<div class=\"wp-block-columns is-layout-flex wp-container-core-columns-is-layout-9d6595d7 wp-block-columns-is-layout-flex\">\n<div class=\"wp-block-column is-layout-flow wp-block-column-is-layout-flow\"><p><center><iframe width=\"560\" height=\"315\" src=\"https:\/\/www.youtube.com\/embed\/pjvML1_CZrU\" title=\"YouTube video player\" frameborder=\"0\" allow=\"accelerometer; autoplay; clipboard-write; encrypted-media; gyroscope; picture-in-picture\" allowfullscreen=\"\"><\/iframe><\/center><\/p>\n<\/div>\n\n\n\n<div class=\"wp-block-column is-layout-flow wp-block-column-is-layout-flow\"><p><center><iframe width=\"560\" height=\"315\" src=\"https:\/\/www.youtube.com\/embed\/9nUad92txvw\" title=\"YouTube video player\" frameborder=\"0\" allow=\"accelerometer; autoplay; clipboard-write; encrypted-media; gyroscope; picture-in-picture\" allowfullscreen=\"\"><\/iframe><\/center><\/p>\n<\/div>\n<\/div>\n\n\n\n<div class=\"wp-block-columns is-layout-flex wp-container-core-columns-is-layout-9d6595d7 wp-block-columns-is-layout-flex\">\n<div class=\"wp-block-column is-layout-flow wp-block-column-is-layout-flow\">\n<h2 class=\"wp-block-heading\"><strong><strong><strong>Webinar: \u201cReportando Incidentes de Seguridad Inform\u00e1tica a CSIRT Panam\u00e1\u201d<\/strong><\/strong><\/strong>.<\/h2>\n<\/div>\n\n\n\n<div class=\"wp-block-column is-layout-flow wp-block-column-is-layout-flow\">\n<h2 class=\"wp-block-heading\"><strong><strong>Panel &#8220;CERTs Internacionales&#8221; |<\/strong>\u00a0#CyberSBC2021<strong> <\/strong><\/strong>.<\/h2>\n<\/div>\n<\/div>\n\n\n\n<div class=\"wp-block-columns is-layout-flex wp-container-core-columns-is-layout-9d6595d7 wp-block-columns-is-layout-flex\">\n<div class=\"wp-block-column is-layout-flow wp-block-column-is-layout-flow\">\n<p>Colaboraci\u00f3n con la Comunidad Dojo en el webinar: \u201cReportando Incidentes de Seguridad Inform\u00e1tica a CSIRT Panam\u00e1\u201d, compartiendo experiencias del equipo, el debido proceso de reporte de incidentes, las responsabilidades y los servicios que se ofrecen desde CSIRT Panam\u00e1. <\/p>\n<\/div>\n\n\n\n<div class=\"wp-block-column is-layout-flow wp-block-column-is-layout-flow\">\n<p>Participaci\u00f3n del Cybersecurity Summer Bootcamp 2021 en el panel &#8220;CERTs Internacionales&#8221;, acompa\u00f1ado de nuestros hom\u00f3logos, Marcos G\u00f3mez, Subdirector de Servicios de INCIBE-CERT, Javier Candau, Jefe del Departamento de Ciberseguridad del CCN de Espa\u00f1a, Gabriela Ratti, Directora General de Ciberseguridad y Protecci\u00f3n de la Informaci\u00f3n de Paraguay y Silvia Batista, la Coordinadora del Equipo de Respuestas a Incidentes de Seguridad de la Informacion de Panam\u00e1.<\/p>\n<\/div>\n<\/div>\n\n\n\n<div class=\"wp-block-columns is-layout-flex wp-container-core-columns-is-layout-9d6595d7 wp-block-columns-is-layout-flex\">\n<div class=\"wp-block-column is-layout-flow wp-block-column-is-layout-flow\"><p><center><iframe width=\"560\" height=\"315\" src=\"https:\/\/www.youtube.com\/embed\/2937w1eIOzk\" title=\"YouTube video player\" frameborder=\"0\" allow=\"accelerometer; autoplay; clipboard-write; encrypted-media; gyroscope; picture-in-picture\" allowfullscreen=\"\"><\/iframe><\/center><\/p>\n<\/div>\n\n\n\n<div class=\"wp-block-column is-layout-flow wp-block-column-is-layout-flow\"><p><center><iframe width=\"560\" height=\"315\" src=\"https:\/\/www.youtube.com\/embed\/KwkrV2teyXw\" title=\"YouTube video player\" frameborder=\"0\" allow=\"accelerometer; autoplay; clipboard-write; encrypted-media; gyroscope; picture-in-picture\" allowfullscreen=\"\"><\/iframe><\/center><\/p>\n<\/div>\n<\/div>\n\n\n\n<div class=\"wp-block-columns is-layout-flex wp-container-core-columns-is-layout-9d6595d7 wp-block-columns-is-layout-flex\">\n<div class=\"wp-block-column is-layout-flow wp-block-column-is-layout-flow\">\n<h2 class=\"wp-block-heading\"><strong><strong>I Conversatorio de mujeres en Ciberseguridad \u201cCreciendo juntas en tecnolog\u00eda y ciberseguridad\u201d<\/strong><\/strong>.<\/h2>\n<\/div>\n\n\n\n<div class=\"wp-block-column is-layout-flow wp-block-column-is-layout-flow\">\n<h2 class=\"wp-block-heading\"><strong>Foro: \u201cMujeres Ejecutivas en Ciberseguridad en Latinoam\u00e9rica\u201d<\/strong>.<\/h2>\n<\/div>\n<\/div>\n\n\n\n<div class=\"wp-block-columns is-layout-flex wp-container-core-columns-is-layout-9d6595d7 wp-block-columns-is-layout-flex\">\n<div class=\"wp-block-column is-layout-flow wp-block-column-is-layout-flow\">\n<p>Primer Conversatorio de Mujeres en Ciberseguridad \u201cCreciendo Juntas en Tecnolog\u00eda y Ciberseguridad\u201d Mujeres dedicadas a la tecnolog\u00eda y ciberseguridad que representan a organizaciones no gubernamentales. Compartiendo sus experiencias en este campo.<\/p>\n\n\n\n<p>La participaci\u00f3n de Susana Lau&nbsp; Presidenta de Women in Engineering (WIE) de la secci\u00f3n de IEEE Panam\u00e1, Ericka Vald\u00e9s l\u00edder de cap\u00edtulo de Women of Security (WoSEC) Panam\u00e1&nbsp; y Staycy Guevara representando a IGFem \u2013 ISOC Panam\u00e1, Cap\u00edtulo de Panam\u00e1 de la Sociedad Internet. Adem\u00e1s, la participaci\u00f3n en el rol de moderadora internacional en este evento en compa\u00f1\u00eda de la Ing. Lizbeth Plaza,&nbsp; Vicepresidenta de Latam Women in Cyersecurity (WOMCY).<\/p>\n<\/div>\n\n\n\n<div class=\"wp-block-column is-layout-flow wp-block-column-is-layout-flow\">\n<p>Participaci\u00f3n de CSIRT Panam\u00e1 en el Foro: \u201cMujeres Ejecutivas en Ciberseguridad en Latinoam\u00e9rica\u201d, en esta experiencia se comparti\u00f3 con mujeres l\u00edderes del \u00e1rea de ciberseguridad en Am\u00e9rica latina. <\/p>\n\n\n\n<p>En evento tuvo la participaci\u00f3n de La Ing. Mar\u00eda Jos\u00e9 Jarquin, Especialista L\u00edder en Modernizaci\u00f3n del Estado, la Ing. Alison Treppel, Secretaria Ejecutiva Comit\u00e9 Interamericano contra el Terrorismo (CICTE) de la OEA, la Ing. Silvia Batista Coordinadora del equipo de CSIRT Panam\u00e1 y la Ing. Gabriela Ratti, Directora General de Ciberseguridad y Protecci\u00f3n de la Informaci\u00f3n de Paraguay.<\/p>\n<\/div>\n<\/div>\n\n\n\n<div class=\"wp-block-columns is-layout-flex wp-container-core-columns-is-layout-9d6595d7 wp-block-columns-is-layout-flex\">\n<div class=\"wp-block-column is-layout-flow wp-block-column-is-layout-flow\"><p><center><iframe width=\"560\" height=\"315\" src=\"https:\/\/www.youtube.com\/embed\/CdZKHhHbAMQ\" title=\"YouTube video player\" frameborder=\"0\" allow=\"accelerometer; autoplay; clipboard-write; encrypted-media; gyroscope; picture-in-picture\" allowfullscreen=\"\"><\/iframe><\/center><\/p>\n<\/div>\n\n\n\n<div class=\"wp-block-column is-layout-flow wp-block-column-is-layout-flow\"><p><center><iframe width=\"560\" height=\"315\" src=\"https:\/\/www.youtube.com\/embed\/GpNrwif_7W8\" title=\"YouTube video player\" frameborder=\"0\" allow=\"accelerometer; autoplay; clipboard-write; encrypted-media; gyroscope; picture-in-picture\" allowfullscreen=\"\"><\/iframe><\/center><\/p>\n<\/div>\n<\/div>\n\n\n\n<div class=\"wp-block-columns is-layout-flex wp-container-core-columns-is-layout-9d6595d7 wp-block-columns-is-layout-flex\">\n<div class=\"wp-block-column is-layout-flow wp-block-column-is-layout-flow\">\n<h2 class=\"wp-block-heading\"><strong>IV Foro de Ciberseguridad: \u201cConectados por la Seguridad, una Responsabilidad de Todos\u201d.<\/strong><\/h2>\n<\/div>\n\n\n\n<div class=\"wp-block-column is-layout-flow wp-block-column-is-layout-flow\">\n<h2 class=\"wp-block-heading\"><strong>Webinar: \u201cLos Riesgos en Internet que Afectan a los Menores de Edad\u201d<\/strong><\/h2>\n<\/div>\n<\/div>\n\n\n\n<div class=\"wp-block-columns is-layout-flex wp-container-core-columns-is-layout-9d6595d7 wp-block-columns-is-layout-flex\">\n<div class=\"wp-block-column is-layout-flow wp-block-column-is-layout-flow\">\n<p>IV Foro de Ciberseguridad \u201cConectados por la Seguridad, una Responsabilidad de Todos\u201d. Contamos con expositores como el Ingeniero Ra\u00fal Mill\u00e1n, Representante de Internet Society (ISOC) Cap\u00edtulo de Panam\u00e1, y el Ingeniero Ignacio Lagomarsino, Representante del Centro de Respuesta a Incidentes de Ciberseguridad (CERT) de Uruguay.<\/p>\n<\/div>\n\n\n\n<div class=\"wp-block-column is-layout-flow wp-block-column-is-layout-flow\">\n<p>Participaci\u00f3n de la Secretar\u00eda Nacional de Ni\u00f1ez, Adolescencia y Familia (SENNIAF), Instituto Paname\u00f1o de Derecho y Nuevas Tecnolog\u00edas (IPANDETEC) y la Polic\u00eda Nacional, compartiendo sus experiencias en este tema tan importante.<\/p>\n<\/div>\n<\/div>\n","protected":false},"excerpt":{"rendered":"<p>\u00bfQu\u00e9 es CSIRT Panam\u00e1? Panam\u00e1 cuenta con un equipo de respuesta a incidentes de seguridad de la informaci\u00f3n, que se encarga de la prevenci\u00f3n, tratamiento, identificaci\u00f3n y resoluci\u00f3n de ataques o incidentes, sobre sistemas inform\u00e1ticos&#8230;<\/p>\n","protected":false},"author":4,"featured_media":0,"parent":0,"menu_order":0,"comment_status":"closed","ping_status":"closed","template":"","meta":{"om_disable_all_campaigns":false,"_monsterinsights_skip_tracking":false,"_monsterinsights_sitenote_active":false,"_monsterinsights_sitenote_note":"","_monsterinsights_sitenote_category":0,"_uf_show_specific_survey":0,"_uf_disable_surveys":false,"footnotes":""},"class_list":["post-2769","page","type-page","status-publish","hentry"],"_links":{"self":[{"href":"https:\/\/cert.pa\/index.php?rest_route=\/wp\/v2\/pages\/2769","targetHints":{"allow":["GET"]}}],"collection":[{"href":"https:\/\/cert.pa\/index.php?rest_route=\/wp\/v2\/pages"}],"about":[{"href":"https:\/\/cert.pa\/index.php?rest_route=\/wp\/v2\/types\/page"}],"author":[{"embeddable":true,"href":"https:\/\/cert.pa\/index.php?rest_route=\/wp\/v2\/users\/4"}],"replies":[{"embeddable":true,"href":"https:\/\/cert.pa\/index.php?rest_route=%2Fwp%2Fv2%2Fcomments&post=2769"}],"version-history":[{"count":52,"href":"https:\/\/cert.pa\/index.php?rest_route=\/wp\/v2\/pages\/2769\/revisions"}],"predecessor-version":[{"id":4031,"href":"https:\/\/cert.pa\/index.php?rest_route=\/wp\/v2\/pages\/2769\/revisions\/4031"}],"wp:attachment":[{"href":"https:\/\/cert.pa\/index.php?rest_route=%2Fwp%2Fv2%2Fmedia&parent=2769"}],"curies":[{"name":"wp","href":"https:\/\/api.w.org\/{rel}","templated":true}]}}