{"id":2196,"date":"2020-06-26T12:44:01","date_gmt":"2020-06-26T17:44:01","guid":{"rendered":"https:\/\/cert.pa\/?page_id=2196"},"modified":"2025-02-27T10:57:38","modified_gmt":"2025-02-27T15:57:38","slug":"csirt-news","status":"publish","type":"page","link":"https:\/\/cert.pa\/?page_id=2196","title":{"rendered":"CSIRT News"},"content":{"rendered":"\n<p> Como el equipo nacional de respuesta a incidentes de seguridad de la informaci\u00f3n de Panam\u00e1, tambi\u00e9n nos enfocamos en fortalecer la difusi\u00f3n, el conocimiento y atenci\u00f3n de suceso de Seguridad Inform\u00e1tica del Estado. Con la coordinaci\u00f3n y colaboraci\u00f3n de los estamentos para la resoluci\u00f3n de incidentes de seguridad de la informaci\u00f3n y comunicaci\u00f3n.  <\/p>\n\n\n\n<p>Este contenido es de uso p\u00fablico.<\/p>\n\n\n\n<figure class=\"wp-block-gallery has-nested-images columns-2 is-cropped wp-block-gallery-1 is-layout-flex wp-block-gallery-is-layout-flex\">\n<figure class=\"wp-block-image size-large\"><a href=\"https:\/\/cert.pa\/wp-content\/uploads\/2020\/06\/3MEC-Panama.jpg\"><img loading=\"lazy\" decoding=\"async\" width=\"1024\" height=\"576\" data-id=\"4054\" src=\"https:\/\/cert.pa\/wp-content\/uploads\/2020\/06\/3MEC-Panama-1024x576.jpg\" alt=\"\" class=\"wp-image-4054\" srcset=\"https:\/\/cert.pa\/wp-content\/uploads\/2020\/06\/3MEC-Panama-1024x576.jpg 1024w, https:\/\/cert.pa\/wp-content\/uploads\/2020\/06\/3MEC-Panama-300x169.jpg 300w, https:\/\/cert.pa\/wp-content\/uploads\/2020\/06\/3MEC-Panama-768x432.jpg 768w, https:\/\/cert.pa\/wp-content\/uploads\/2020\/06\/3MEC-Panama-1536x864.jpg 1536w, https:\/\/cert.pa\/wp-content\/uploads\/2020\/06\/3MEC-Panama-777x437.jpg 777w, https:\/\/cert.pa\/wp-content\/uploads\/2020\/06\/3MEC-Panama-260x146.jpg 260w, https:\/\/cert.pa\/wp-content\/uploads\/2020\/06\/3MEC-Panama-120x67.jpg 120w, https:\/\/cert.pa\/wp-content\/uploads\/2020\/06\/3MEC-Panama.jpg 1600w\" sizes=\"auto, (max-width: 1024px) 100vw, 1024px\" \/><\/a><\/figure>\n\n\n\n<figure class=\"wp-block-image size-large\"><a href=\"https:\/\/cert.pa\/wp-content\/uploads\/2020\/06\/2ENC-Panama.jpg\"><img loading=\"lazy\" decoding=\"async\" width=\"1024\" height=\"576\" data-id=\"4053\" src=\"https:\/\/cert.pa\/wp-content\/uploads\/2020\/06\/2ENC-Panama-1024x576.jpg\" alt=\"\" class=\"wp-image-4053\" srcset=\"https:\/\/cert.pa\/wp-content\/uploads\/2020\/06\/2ENC-Panama-1024x576.jpg 1024w, https:\/\/cert.pa\/wp-content\/uploads\/2020\/06\/2ENC-Panama-300x169.jpg 300w, https:\/\/cert.pa\/wp-content\/uploads\/2020\/06\/2ENC-Panama-768x432.jpg 768w, https:\/\/cert.pa\/wp-content\/uploads\/2020\/06\/2ENC-Panama-1536x864.jpg 1536w, https:\/\/cert.pa\/wp-content\/uploads\/2020\/06\/2ENC-Panama-777x437.jpg 777w, https:\/\/cert.pa\/wp-content\/uploads\/2020\/06\/2ENC-Panama-260x146.jpg 260w, https:\/\/cert.pa\/wp-content\/uploads\/2020\/06\/2ENC-Panama-120x67.jpg 120w, https:\/\/cert.pa\/wp-content\/uploads\/2020\/06\/2ENC-Panama.jpg 1600w\" sizes=\"auto, (max-width: 1024px) 100vw, 1024px\" \/><\/a><\/figure>\n\n\n\n<figure class=\"wp-block-image size-large\"><a href=\"https:\/\/cert.pa\/wp-content\/uploads\/2020\/06\/1ENC-Panama.jpg\"><img loading=\"lazy\" decoding=\"async\" width=\"1024\" height=\"576\" data-id=\"4052\" src=\"https:\/\/cert.pa\/wp-content\/uploads\/2020\/06\/1ENC-Panama-1024x576.jpg\" alt=\"\" class=\"wp-image-4052\" srcset=\"https:\/\/cert.pa\/wp-content\/uploads\/2020\/06\/1ENC-Panama-1024x576.jpg 1024w, https:\/\/cert.pa\/wp-content\/uploads\/2020\/06\/1ENC-Panama-300x169.jpg 300w, https:\/\/cert.pa\/wp-content\/uploads\/2020\/06\/1ENC-Panama-768x432.jpg 768w, https:\/\/cert.pa\/wp-content\/uploads\/2020\/06\/1ENC-Panama-1536x864.jpg 1536w, https:\/\/cert.pa\/wp-content\/uploads\/2020\/06\/1ENC-Panama-777x437.jpg 777w, https:\/\/cert.pa\/wp-content\/uploads\/2020\/06\/1ENC-Panama-260x146.jpg 260w, https:\/\/cert.pa\/wp-content\/uploads\/2020\/06\/1ENC-Panama-120x67.jpg 120w, https:\/\/cert.pa\/wp-content\/uploads\/2020\/06\/1ENC-Panama.jpg 1600w\" sizes=\"auto, (max-width: 1024px) 100vw, 1024px\" \/><\/a><\/figure>\n<\/figure>\n\n\n\n<hr class=\"wp-block-separator has-alpha-channel-opacity is-style-dots\"\/>\n\n\n\n<figure class=\"wp-block-gallery has-nested-images columns-default is-cropped wp-block-gallery-2 is-layout-flex wp-block-gallery-is-layout-flex\"><\/figure>\n","protected":false},"excerpt":{"rendered":"<p>Como el equipo nacional de respuesta a incidentes de seguridad de la informaci\u00f3n de Panam\u00e1, tambi\u00e9n nos enfocamos en fortalecer la difusi\u00f3n, el conocimiento y atenci\u00f3n de suceso de Seguridad Inform\u00e1tica del Estado. Con la&#8230;<\/p>\n","protected":false},"author":7,"featured_media":0,"parent":0,"menu_order":0,"comment_status":"closed","ping_status":"closed","template":"","meta":{"om_disable_all_campaigns":false,"_monsterinsights_skip_tracking":false,"_monsterinsights_sitenote_active":false,"_monsterinsights_sitenote_note":"","_monsterinsights_sitenote_category":0,"_uf_show_specific_survey":0,"_uf_disable_surveys":false,"footnotes":""},"class_list":["post-2196","page","type-page","status-publish","hentry"],"aioseo_notices":[],"_links":{"self":[{"href":"https:\/\/cert.pa\/index.php?rest_route=\/wp\/v2\/pages\/2196","targetHints":{"allow":["GET"]}}],"collection":[{"href":"https:\/\/cert.pa\/index.php?rest_route=\/wp\/v2\/pages"}],"about":[{"href":"https:\/\/cert.pa\/index.php?rest_route=\/wp\/v2\/types\/page"}],"author":[{"embeddable":true,"href":"https:\/\/cert.pa\/index.php?rest_route=\/wp\/v2\/users\/7"}],"replies":[{"embeddable":true,"href":"https:\/\/cert.pa\/index.php?rest_route=%2Fwp%2Fv2%2Fcomments&post=2196"}],"version-history":[{"count":8,"href":"https:\/\/cert.pa\/index.php?rest_route=\/wp\/v2\/pages\/2196\/revisions"}],"predecessor-version":[{"id":4302,"href":"https:\/\/cert.pa\/index.php?rest_route=\/wp\/v2\/pages\/2196\/revisions\/4302"}],"wp:attachment":[{"href":"https:\/\/cert.pa\/index.php?rest_route=%2Fwp%2Fv2%2Fmedia&parent=2196"}],"curies":[{"name":"wp","href":"https:\/\/api.w.org\/{rel}","templated":true}]}}