{"id":1888,"date":"2020-03-04T14:55:59","date_gmt":"2020-03-04T19:55:59","guid":{"rendered":"https:\/\/cert.pa\/?page_id=1888"},"modified":"2026-03-04T09:10:03","modified_gmt":"2026-03-04T14:10:03","slug":"infografia-csirt","status":"publish","type":"page","link":"https:\/\/cert.pa\/?page_id=1888","title":{"rendered":"Ciberseguridad"},"content":{"rendered":"\n<div class=\"wp-block-columns is-layout-flex wp-container-core-columns-is-layout-9d6595d7 wp-block-columns-is-layout-flex\">\n<div class=\"wp-block-column is-layout-flow wp-block-column-is-layout-flow\">\n<figure class=\"wp-block-image size-full\"><a href=\"https:\/\/cert.pa\/wp-content\/uploads\/2020\/03\/Qu%C3%A9-es-CSIRT.pdf\" target=\"_blank\" rel=\"noreferrer noopener\"><img fetchpriority=\"high\" decoding=\"async\" width=\"500\" height=\"500\" src=\"https:\/\/cert.pa\/wp-content\/uploads\/2025\/02\/16-1.png\" alt=\"\" class=\"wp-image-4447\" srcset=\"https:\/\/cert.pa\/wp-content\/uploads\/2025\/02\/16-1.png 500w, https:\/\/cert.pa\/wp-content\/uploads\/2025\/02\/16-1-300x300.png 300w, https:\/\/cert.pa\/wp-content\/uploads\/2025\/02\/16-1-150x150.png 150w\" sizes=\"(max-width: 500px) 100vw, 500px\" \/><\/a><\/figure>\n\n\n\n<p>Infograf\u00eda: <a href=\"https:\/\/cert.pa\/wp-content\/uploads\/2020\/03\/Qu%C3%A9-es-CSIRT.pdf\" target=\"_blank\" rel=\"noopener\" title=\"\">\u00bfQu\u00e9 es CSIRT?<\/a><\/p>\n<\/div>\n\n\n\n<div class=\"wp-block-column is-layout-flow wp-block-column-is-layout-flow\">\n<figure class=\"wp-block-image size-full\"><a href=\"https:\/\/cert.pa\/wp-content\/uploads\/2020\/03\/Importancia-de-Reportar.pdf\" target=\"_blank\" rel=\"noreferrer noopener\"><img decoding=\"async\" width=\"500\" height=\"500\" src=\"https:\/\/cert.pa\/wp-content\/uploads\/2025\/02\/Purpura-Moderno-Tecnologia-y-Videojuegos-Logotipo.jpg\" alt=\"\" class=\"wp-image-4449\" srcset=\"https:\/\/cert.pa\/wp-content\/uploads\/2025\/02\/Purpura-Moderno-Tecnologia-y-Videojuegos-Logotipo.jpg 500w, https:\/\/cert.pa\/wp-content\/uploads\/2025\/02\/Purpura-Moderno-Tecnologia-y-Videojuegos-Logotipo-300x300.jpg 300w, https:\/\/cert.pa\/wp-content\/uploads\/2025\/02\/Purpura-Moderno-Tecnologia-y-Videojuegos-Logotipo-150x150.jpg 150w\" sizes=\"(max-width: 500px) 100vw, 500px\" \/><\/a><\/figure>\n\n\n\n<p>Infograf\u00eda: <a href=\"https:\/\/cert.pa\/wp-content\/uploads\/2020\/03\/Importancia-de-Reportar.pdf\" target=\"_blank\" rel=\"noopener\" title=\"\">\u00bfPor qu\u00e9 es importante reportar incidentes?<\/a><\/p>\n<\/div>\n\n\n\n<div class=\"wp-block-column is-layout-flow wp-block-column-is-layout-flow\">\n<figure class=\"wp-block-image size-full\"><a href=\"https:\/\/cert.pa\/wp-content\/uploads\/2020\/04\/Espionaje-y-fuga-de-informacion-1.pdf\" target=\"_blank\" rel=\"noreferrer noopener\"><img decoding=\"async\" width=\"500\" height=\"500\" src=\"https:\/\/cert.pa\/wp-content\/uploads\/2025\/02\/Purpura-Moderno-Tecnologia-y-Videojuegos-Logotipo-1.jpg\" alt=\"\" class=\"wp-image-4450\" srcset=\"https:\/\/cert.pa\/wp-content\/uploads\/2025\/02\/Purpura-Moderno-Tecnologia-y-Videojuegos-Logotipo-1.jpg 500w, https:\/\/cert.pa\/wp-content\/uploads\/2025\/02\/Purpura-Moderno-Tecnologia-y-Videojuegos-Logotipo-1-300x300.jpg 300w, https:\/\/cert.pa\/wp-content\/uploads\/2025\/02\/Purpura-Moderno-Tecnologia-y-Videojuegos-Logotipo-1-150x150.jpg 150w\" sizes=\"(max-width: 500px) 100vw, 500px\" \/><\/a><\/figure>\n\n\n\n<p>Infograf\u00eda: <a href=\"https:\/\/cert.pa\/wp-content\/uploads\/2020\/04\/Espionaje-y-fuga-de-informacion-1.pdf\" target=\"_blank\" rel=\"noopener\" title=\"\">El espionaje y la Fuga de informaci\u00f3n<\/a><\/p>\n<\/div>\n<\/div>\n\n\n\n<hr class=\"wp-block-separator has-alpha-channel-opacity is-style-dots\"\/>\n\n\n\n<div class=\"wp-block-columns is-layout-flex wp-container-core-columns-is-layout-9d6595d7 wp-block-columns-is-layout-flex\">\n<div class=\"wp-block-column is-layout-flow wp-block-column-is-layout-flow\">\n<figure class=\"wp-block-image size-full\"><a href=\"https:\/\/cert.pa\/wp-content\/uploads\/2020\/04\/Buenas_Practicas_Organizaci%C3%B3n.pdf\" target=\"_blank\" rel=\"noreferrer noopener\"><img decoding=\"async\" width=\"500\" height=\"500\" src=\"https:\/\/cert.pa\/wp-content\/uploads\/2025\/02\/Purpura-Moderno-Tecnologia-y-Videojuegos-Logotipo-1.jpg\" alt=\"\" class=\"wp-image-4450\" srcset=\"https:\/\/cert.pa\/wp-content\/uploads\/2025\/02\/Purpura-Moderno-Tecnologia-y-Videojuegos-Logotipo-1.jpg 500w, https:\/\/cert.pa\/wp-content\/uploads\/2025\/02\/Purpura-Moderno-Tecnologia-y-Videojuegos-Logotipo-1-300x300.jpg 300w, https:\/\/cert.pa\/wp-content\/uploads\/2025\/02\/Purpura-Moderno-Tecnologia-y-Videojuegos-Logotipo-1-150x150.jpg 150w\" sizes=\"(max-width: 500px) 100vw, 500px\" \/><\/a><\/figure>\n\n\n\n<p>Infograf\u00eda: <a href=\"https:\/\/cert.pa\/wp-content\/uploads\/2020\/04\/Buenas_Practicas_Organizaci%C3%B3n.pdf\" target=\"_blank\" rel=\"noopener\" title=\"\">Buenas pr\u00e1cticas en tu organizaci\u00f3n<\/a><\/p>\n<\/div>\n\n\n\n<div class=\"wp-block-column is-layout-flow wp-block-column-is-layout-flow\">\n<figure class=\"wp-block-image size-full\"><a href=\"https:\/\/cert.pa\/wp-content\/uploads\/2020\/04\/Riesgos_Seguridad_Organizaci%C3%B3n-comprimido.pdf\" target=\"_blank\" rel=\"noreferrer noopener\"><img loading=\"lazy\" decoding=\"async\" width=\"500\" height=\"500\" src=\"https:\/\/cert.pa\/wp-content\/uploads\/2025\/02\/17.png\" alt=\"\" class=\"wp-image-4448\" srcset=\"https:\/\/cert.pa\/wp-content\/uploads\/2025\/02\/17.png 500w, https:\/\/cert.pa\/wp-content\/uploads\/2025\/02\/17-300x300.png 300w, https:\/\/cert.pa\/wp-content\/uploads\/2025\/02\/17-150x150.png 150w\" sizes=\"(max-width: 500px) 100vw, 500px\" \/><\/a><\/figure>\n\n\n\n<p>Infograf\u00eda: <a href=\"https:\/\/cert.pa\/wp-content\/uploads\/2020\/04\/Riesgos_Seguridad_Organizaci%C3%B3n-comprimido.pdf\" target=\"_blank\" rel=\"noopener\" title=\"\">Riesgos de seguridad en tu organizaci\u00f3n<\/a><\/p>\n<\/div>\n\n\n\n<div class=\"wp-block-column is-layout-flow wp-block-column-is-layout-flow\">\n<figure class=\"wp-block-image size-full\"><a href=\"https:\/\/cert.pa\/wp-content\/uploads\/2020\/03\/csirt-Infographic-.pdf\" target=\"_blank\" rel=\"noreferrer noopener\"><img decoding=\"async\" width=\"500\" height=\"500\" src=\"https:\/\/cert.pa\/wp-content\/uploads\/2025\/02\/Purpura-Moderno-Tecnologia-y-Videojuegos-Logotipo.jpg\" alt=\"\" class=\"wp-image-4449\" srcset=\"https:\/\/cert.pa\/wp-content\/uploads\/2025\/02\/Purpura-Moderno-Tecnologia-y-Videojuegos-Logotipo.jpg 500w, https:\/\/cert.pa\/wp-content\/uploads\/2025\/02\/Purpura-Moderno-Tecnologia-y-Videojuegos-Logotipo-300x300.jpg 300w, https:\/\/cert.pa\/wp-content\/uploads\/2025\/02\/Purpura-Moderno-Tecnologia-y-Videojuegos-Logotipo-150x150.jpg 150w\" sizes=\"(max-width: 500px) 100vw, 500px\" \/><\/a><\/figure>\n\n\n\n<p>Infograf\u00eda: <a href=\"https:\/\/cert.pa\/wp-content\/uploads\/2020\/03\/csirt-Infographic-.pdf\" target=\"_blank\" rel=\"noopener\" title=\"\">Manejo de Incidentes<\/a><\/p>\n<\/div>\n<\/div>\n\n\n\n<hr class=\"wp-block-separator has-alpha-channel-opacity is-style-dots\"\/>\n\n\n\n<div class=\"wp-block-columns is-layout-flex wp-container-core-columns-is-layout-9d6595d7 wp-block-columns-is-layout-flex\">\n<div class=\"wp-block-column is-layout-flow wp-block-column-is-layout-flow\">\n<figure class=\"wp-block-image size-full\"><a href=\"https:\/\/cert.pa\/wp-content\/uploads\/2021\/03\/Seguridad_Nube.pdf\" target=\"_blank\" rel=\"noreferrer noopener\"><img loading=\"lazy\" decoding=\"async\" width=\"500\" height=\"500\" src=\"https:\/\/cert.pa\/wp-content\/uploads\/2025\/02\/17.png\" alt=\"\" class=\"wp-image-4448\" srcset=\"https:\/\/cert.pa\/wp-content\/uploads\/2025\/02\/17.png 500w, https:\/\/cert.pa\/wp-content\/uploads\/2025\/02\/17-300x300.png 300w, https:\/\/cert.pa\/wp-content\/uploads\/2025\/02\/17-150x150.png 150w\" sizes=\"(max-width: 500px) 100vw, 500px\" \/><\/a><\/figure>\n\n\n\n<p>Infograf\u00eda: <a href=\"https:\/\/cert.pa\/wp-content\/uploads\/2021\/03\/Seguridad_Nube.pdf\" target=\"_blank\" rel=\"noopener\" title=\"\">Seguridad en la nube <\/a><\/p>\n<\/div>\n\n\n\n<div class=\"wp-block-column is-layout-flow wp-block-column-is-layout-flow\">\n<figure class=\"wp-block-image size-full\"><a href=\"https:\/\/cert.pa\/wp-content\/uploads\/2021\/04\/Fases-de-un-ataque-informatico.pdf\" target=\"_blank\" rel=\"noreferrer noopener\"><img decoding=\"async\" width=\"500\" height=\"500\" src=\"https:\/\/cert.pa\/wp-content\/uploads\/2025\/02\/Purpura-Moderno-Tecnologia-y-Videojuegos-Logotipo.jpg\" alt=\"\" class=\"wp-image-4449\" srcset=\"https:\/\/cert.pa\/wp-content\/uploads\/2025\/02\/Purpura-Moderno-Tecnologia-y-Videojuegos-Logotipo.jpg 500w, https:\/\/cert.pa\/wp-content\/uploads\/2025\/02\/Purpura-Moderno-Tecnologia-y-Videojuegos-Logotipo-300x300.jpg 300w, https:\/\/cert.pa\/wp-content\/uploads\/2025\/02\/Purpura-Moderno-Tecnologia-y-Videojuegos-Logotipo-150x150.jpg 150w\" sizes=\"(max-width: 500px) 100vw, 500px\" \/><\/a><\/figure>\n\n\n\n<p>Infograf\u00eda: <a href=\"https:\/\/cert.pa\/wp-content\/uploads\/2021\/04\/Fases-de-un-ataque-informatico.pdf\" target=\"_blank\" rel=\"noopener\" title=\"\">Ataque Inform\u00e1tico<\/a><\/p>\n<\/div>\n\n\n\n<div class=\"wp-block-column is-layout-flow wp-block-column-is-layout-flow\">\n<figure class=\"wp-block-image size-full\"><a href=\"https:\/\/cert.pa\/wp-content\/uploads\/2021\/05\/Riesgos-de-instalar-APK.pdf\" target=\"_blank\" rel=\"noreferrer noopener\"><img loading=\"lazy\" decoding=\"async\" width=\"500\" height=\"500\" src=\"https:\/\/cert.pa\/wp-content\/uploads\/2025\/02\/Purpura-Moderno-Tecnologia-y-Videojuegos-Logotipo-1.png\" alt=\"\" class=\"wp-image-4346\" srcset=\"https:\/\/cert.pa\/wp-content\/uploads\/2025\/02\/Purpura-Moderno-Tecnologia-y-Videojuegos-Logotipo-1.png 500w, https:\/\/cert.pa\/wp-content\/uploads\/2025\/02\/Purpura-Moderno-Tecnologia-y-Videojuegos-Logotipo-1-300x300.png 300w, https:\/\/cert.pa\/wp-content\/uploads\/2025\/02\/Purpura-Moderno-Tecnologia-y-Videojuegos-Logotipo-1-150x150.png 150w\" sizes=\"(max-width: 500px) 100vw, 500px\" \/><\/a><\/figure>\n\n\n\n<p>Infograf\u00eda: <a href=\"https:\/\/cert.pa\/wp-content\/uploads\/2021\/05\/Riesgos-de-instalar-APK.pdf\" target=\"_blank\" rel=\"noopener\" title=\"\">Riesgos de instalar APK<\/a><\/p>\n<\/div>\n<\/div>\n\n\n\n<hr class=\"wp-block-separator has-alpha-channel-opacity is-style-dots\"\/>\n\n\n\n<div class=\"wp-block-columns is-layout-flex wp-container-core-columns-is-layout-9d6595d7 wp-block-columns-is-layout-flex\">\n<div class=\"wp-block-column is-layout-flow wp-block-column-is-layout-flow\">\n<figure class=\"wp-block-image size-full\"><a href=\"https:\/\/cert.pa\/wp-content\/uploads\/2021\/05\/Doble-factor.pdf\" target=\"_blank\" rel=\"noreferrer noopener\"><img loading=\"lazy\" decoding=\"async\" width=\"500\" height=\"500\" src=\"https:\/\/cert.pa\/wp-content\/uploads\/2025\/02\/17.png\" alt=\"\" class=\"wp-image-4448\" srcset=\"https:\/\/cert.pa\/wp-content\/uploads\/2025\/02\/17.png 500w, https:\/\/cert.pa\/wp-content\/uploads\/2025\/02\/17-300x300.png 300w, https:\/\/cert.pa\/wp-content\/uploads\/2025\/02\/17-150x150.png 150w\" sizes=\"(max-width: 500px) 100vw, 500px\" \/><\/a><\/figure>\n\n\n\n<p>Infograf\u00eda: <a href=\"https:\/\/cert.pa\/wp-content\/uploads\/2021\/05\/Doble-factor.pdf\" target=\"_blank\" rel=\"noopener\" title=\"\">Doble Factor de autenticaci\u00f3n<\/a><\/p>\n<\/div>\n\n\n\n<div class=\"wp-block-column is-layout-flow wp-block-column-is-layout-flow\">\n<figure class=\"wp-block-image size-full\"><a href=\"https:\/\/cert.pa\/wp-content\/uploads\/2021\/11\/Standar_Marcos.pdf\" target=\"_blank\" rel=\"noreferrer noopener\"><img fetchpriority=\"high\" decoding=\"async\" width=\"500\" height=\"500\" src=\"https:\/\/cert.pa\/wp-content\/uploads\/2025\/02\/16-1.png\" alt=\"\" class=\"wp-image-4447\" srcset=\"https:\/\/cert.pa\/wp-content\/uploads\/2025\/02\/16-1.png 500w, https:\/\/cert.pa\/wp-content\/uploads\/2025\/02\/16-1-300x300.png 300w, https:\/\/cert.pa\/wp-content\/uploads\/2025\/02\/16-1-150x150.png 150w\" sizes=\"(max-width: 500px) 100vw, 500px\" \/><\/a><\/figure>\n\n\n\n<p>Infograf\u00eda: <a href=\"https:\/\/cert.pa\/wp-content\/uploads\/2021\/11\/Standar_Marcos.pdf\" target=\"_blank\" rel=\"noopener\" title=\"\">Est\u00e1ndares Vs Marcos de Seguridad<\/a><\/p>\n<\/div>\n\n\n\n<div class=\"wp-block-column is-layout-flow wp-block-column-is-layout-flow\">\n<figure class=\"wp-block-image size-full\"><a href=\"https:\/\/cert.pa\/wp-content\/uploads\/2021\/11\/Modelo-OSI-Verificacion-por-capas.pdf\" target=\"_blank\" rel=\"noreferrer noopener\"><img decoding=\"async\" width=\"500\" height=\"500\" src=\"https:\/\/cert.pa\/wp-content\/uploads\/2025\/02\/Purpura-Moderno-Tecnologia-y-Videojuegos-Logotipo-1.jpg\" alt=\"\" class=\"wp-image-4450\" srcset=\"https:\/\/cert.pa\/wp-content\/uploads\/2025\/02\/Purpura-Moderno-Tecnologia-y-Videojuegos-Logotipo-1.jpg 500w, https:\/\/cert.pa\/wp-content\/uploads\/2025\/02\/Purpura-Moderno-Tecnologia-y-Videojuegos-Logotipo-1-300x300.jpg 300w, https:\/\/cert.pa\/wp-content\/uploads\/2025\/02\/Purpura-Moderno-Tecnologia-y-Videojuegos-Logotipo-1-150x150.jpg 150w\" sizes=\"(max-width: 500px) 100vw, 500px\" \/><\/a><\/figure>\n\n\n\n<p>Infograf\u00eda: <a href=\"https:\/\/cert.pa\/wp-content\/uploads\/2021\/11\/Modelo-OSI-Verificacion-por-capas.pdf\" target=\"_blank\" rel=\"noopener\" title=\"\">Modelo OSI<\/a><\/p>\n<\/div>\n<\/div>\n\n\n\n<hr class=\"wp-block-separator has-alpha-channel-opacity is-style-dots\"\/>\n\n\n\n<div class=\"wp-block-columns is-layout-flex wp-container-core-columns-is-layout-9d6595d7 wp-block-columns-is-layout-flex\">\n<div class=\"wp-block-column is-layout-flow wp-block-column-is-layout-flow\">\n<figure class=\"wp-block-image size-full\"><a href=\"https:\/\/cert.pa\/wp-content\/uploads\/2025\/03\/Politicas_CSIRT.pdf\" target=\"_blank\" rel=\"noreferrer noopener\"><img loading=\"lazy\" decoding=\"async\" width=\"500\" height=\"500\" src=\"https:\/\/cert.pa\/wp-content\/uploads\/2025\/02\/17.png\" alt=\"\" class=\"wp-image-4448\" srcset=\"https:\/\/cert.pa\/wp-content\/uploads\/2025\/02\/17.png 500w, https:\/\/cert.pa\/wp-content\/uploads\/2025\/02\/17-300x300.png 300w, https:\/\/cert.pa\/wp-content\/uploads\/2025\/02\/17-150x150.png 150w\" sizes=\"(max-width: 500px) 100vw, 500px\" \/><\/a><\/figure>\n\n\n\n<p>Infograf\u00eda: <a href=\"https:\/\/cert.pa\/wp-content\/uploads\/2025\/03\/Politicas_CSIRT.pdf\" target=\"_blank\" rel=\"noopener\" title=\"\">CSIRT Panam\u00e1<\/a><\/p>\n<\/div>\n\n\n\n<div class=\"wp-block-column is-layout-flow wp-block-column-is-layout-flow\">\n<figure class=\"wp-block-image size-full\"><a href=\"https:\/\/cert.pa\/wp-content\/uploads\/2026\/03\/Ransomware.pdf\" target=\"_blank\" rel=\" noreferrer noopener\"><img decoding=\"async\" width=\"500\" height=\"500\" src=\"https:\/\/cert.pa\/wp-content\/uploads\/2025\/02\/Purpura-Moderno-Tecnologia-y-Videojuegos-Logotipo.jpg\" alt=\"\" class=\"wp-image-4449\" srcset=\"https:\/\/cert.pa\/wp-content\/uploads\/2025\/02\/Purpura-Moderno-Tecnologia-y-Videojuegos-Logotipo.jpg 500w, https:\/\/cert.pa\/wp-content\/uploads\/2025\/02\/Purpura-Moderno-Tecnologia-y-Videojuegos-Logotipo-300x300.jpg 300w, https:\/\/cert.pa\/wp-content\/uploads\/2025\/02\/Purpura-Moderno-Tecnologia-y-Videojuegos-Logotipo-150x150.jpg 150w\" sizes=\"(max-width: 500px) 100vw, 500px\" \/><\/a><\/figure>\n\n\n\n<p>Infograf\u00eda: <a href=\"https:\/\/cert.pa\/wp-content\/uploads\/2026\/03\/Ransomware.pdf\" target=\"_blank\" rel=\"noopener\" title=\"\">Ransomware<\/a><\/p>\n<\/div>\n\n\n\n<div class=\"wp-block-column is-layout-flow wp-block-column-is-layout-flow\">\n<p><\/p>\n<\/div>\n<\/div>\n\n\n\n<p>&nbsp;<\/p>\n","protected":false},"excerpt":{"rendered":"<p>Infograf\u00eda: \u00bfQu\u00e9 es CSIRT? Infograf\u00eda: \u00bfPor qu\u00e9 es importante reportar incidentes? Infograf\u00eda: El espionaje y la Fuga de informaci\u00f3n Infograf\u00eda: Buenas pr\u00e1cticas en tu organizaci\u00f3n Infograf\u00eda: Riesgos de seguridad en tu organizaci\u00f3n Infograf\u00eda: Manejo de&#8230;<\/p>\n","protected":false},"author":4,"featured_media":0,"parent":0,"menu_order":0,"comment_status":"closed","ping_status":"closed","template":"","meta":{"om_disable_all_campaigns":false,"_monsterinsights_skip_tracking":false,"_monsterinsights_sitenote_active":false,"_monsterinsights_sitenote_note":"","_monsterinsights_sitenote_category":0,"_uf_show_specific_survey":0,"_uf_disable_surveys":false,"footnotes":""},"class_list":["post-1888","page","type-page","status-publish","hentry"],"_links":{"self":[{"href":"https:\/\/cert.pa\/index.php?rest_route=\/wp\/v2\/pages\/1888","targetHints":{"allow":["GET"]}}],"collection":[{"href":"https:\/\/cert.pa\/index.php?rest_route=\/wp\/v2\/pages"}],"about":[{"href":"https:\/\/cert.pa\/index.php?rest_route=\/wp\/v2\/types\/page"}],"author":[{"embeddable":true,"href":"https:\/\/cert.pa\/index.php?rest_route=\/wp\/v2\/users\/4"}],"replies":[{"embeddable":true,"href":"https:\/\/cert.pa\/index.php?rest_route=%2Fwp%2Fv2%2Fcomments&post=1888"}],"version-history":[{"count":39,"href":"https:\/\/cert.pa\/index.php?rest_route=\/wp\/v2\/pages\/1888\/revisions"}],"predecessor-version":[{"id":5003,"href":"https:\/\/cert.pa\/index.php?rest_route=\/wp\/v2\/pages\/1888\/revisions\/5003"}],"wp:attachment":[{"href":"https:\/\/cert.pa\/index.php?rest_route=%2Fwp%2Fv2%2Fmedia&parent=1888"}],"curies":[{"name":"wp","href":"https:\/\/api.w.org\/{rel}","templated":true}]}}