{"id":1713,"date":"2019-12-11T15:08:59","date_gmt":"2019-12-11T20:08:59","guid":{"rendered":"https:\/\/cert.pa\/?page_id=1713"},"modified":"2025-02-28T10:33:30","modified_gmt":"2025-02-28T15:33:30","slug":"riesgos-en-internet","status":"publish","type":"page","link":"https:\/\/cert.pa\/?page_id=1713","title":{"rendered":"El Internet"},"content":{"rendered":"\n<p><\/p>\n\n\n\n<div class=\"wp-block-columns is-layout-flex wp-container-core-columns-is-layout-9d6595d7 wp-block-columns-is-layout-flex\">\n<div class=\"wp-block-column is-layout-flow wp-block-column-is-layout-flow\">\n<figure class=\"wp-block-image size-full\"><a href=\"https:\/\/cert.pa\/wp-content\/uploads\/2019\/12\/Infografia-Riesgos-en-internet.pdf\" target=\"_blank\" rel=\"noreferrer noopener\"><img loading=\"lazy\" decoding=\"async\" width=\"500\" height=\"500\" src=\"https:\/\/cert.pa\/wp-content\/uploads\/2025\/02\/new.png\" alt=\"\" class=\"wp-image-4344\" srcset=\"https:\/\/cert.pa\/wp-content\/uploads\/2025\/02\/new.png 500w, https:\/\/cert.pa\/wp-content\/uploads\/2025\/02\/new-300x300.png 300w, https:\/\/cert.pa\/wp-content\/uploads\/2025\/02\/new-150x150.png 150w\" sizes=\"auto, (max-width: 500px) 100vw, 500px\" \/><\/a><\/figure>\n\n\n\n<p>Infograf\u00eda: <a href=\"https:\/\/cert.pa\/wp-content\/uploads\/2019\/12\/Infografia-Riesgos-en-internet.pdf\" target=\"_blank\" rel=\"noopener\" title=\"\">Riesgos en Internet<\/a> <\/p>\n<\/div>\n\n\n\n<div class=\"wp-block-column is-layout-flow wp-block-column-is-layout-flow\">\n<figure class=\"wp-block-image size-full\"><a href=\"https:\/\/cert.pa\/wp-content\/uploads\/2019\/12\/Grooming-V1.pdf\" target=\"_blank\" rel=\"noreferrer noopener\"><img loading=\"lazy\" decoding=\"async\" width=\"500\" height=\"500\" src=\"https:\/\/cert.pa\/wp-content\/uploads\/2025\/02\/Purpura-Moderno-Tecnologia-y-Videojuegos-Logotipo-1.png\" alt=\"\" class=\"wp-image-4346\" srcset=\"https:\/\/cert.pa\/wp-content\/uploads\/2025\/02\/Purpura-Moderno-Tecnologia-y-Videojuegos-Logotipo-1.png 500w, https:\/\/cert.pa\/wp-content\/uploads\/2025\/02\/Purpura-Moderno-Tecnologia-y-Videojuegos-Logotipo-1-300x300.png 300w, https:\/\/cert.pa\/wp-content\/uploads\/2025\/02\/Purpura-Moderno-Tecnologia-y-Videojuegos-Logotipo-1-150x150.png 150w\" sizes=\"auto, (max-width: 500px) 100vw, 500px\" \/><\/a><\/figure>\n\n\n\n<p>Infograf\u00eda: <a href=\"https:\/\/cert.pa\/wp-content\/uploads\/2019\/12\/Grooming-V1.pdf\" target=\"_blank\" rel=\"noopener\" title=\"\">\u00bfQu\u00e9 es Grooming?<\/a> <\/p>\n<\/div>\n\n\n\n<div class=\"wp-block-column is-layout-flow wp-block-column-is-layout-flow\">\n<figure class=\"wp-block-image size-full\"><a href=\"https:\/\/cert.pa\/wp-content\/uploads\/2019\/12\/Grooming-V2.pdf\" target=\"_blank\" rel=\"noreferrer noopener\"><img loading=\"lazy\" decoding=\"async\" width=\"500\" height=\"500\" src=\"https:\/\/cert.pa\/wp-content\/uploads\/2025\/02\/Purpura-Moderno-Tecnologia-y-Videojuegos-Logotipo.png\" alt=\"\" class=\"wp-image-4347\" srcset=\"https:\/\/cert.pa\/wp-content\/uploads\/2025\/02\/Purpura-Moderno-Tecnologia-y-Videojuegos-Logotipo.png 500w, https:\/\/cert.pa\/wp-content\/uploads\/2025\/02\/Purpura-Moderno-Tecnologia-y-Videojuegos-Logotipo-300x300.png 300w, https:\/\/cert.pa\/wp-content\/uploads\/2025\/02\/Purpura-Moderno-Tecnologia-y-Videojuegos-Logotipo-150x150.png 150w\" sizes=\"auto, (max-width: 500px) 100vw, 500px\" \/><\/a><\/figure>\n\n\n\n<p>Infograf\u00eda: <a href=\"https:\/\/cert.pa\/wp-content\/uploads\/2019\/12\/Grooming-V2.pdf\" target=\"_blank\" rel=\"noopener\" title=\"\">Grooming<\/a><\/p>\n<\/div>\n<\/div>\n\n\n\n<hr class=\"wp-block-separator has-alpha-channel-opacity is-style-dots\"\/>\n\n\n\n<div class=\"wp-block-columns is-layout-flex wp-container-core-columns-is-layout-9d6595d7 wp-block-columns-is-layout-flex\">\n<div class=\"wp-block-column is-layout-flow wp-block-column-is-layout-flow\">\n<figure class=\"wp-block-image size-full\"><a href=\"https:\/\/cert.pa\/wp-content\/uploads\/2019\/12\/emal-phishing.pdf\" target=\"_blank\" rel=\"noreferrer noopener\"><img loading=\"lazy\" decoding=\"async\" width=\"500\" height=\"500\" src=\"https:\/\/cert.pa\/wp-content\/uploads\/2025\/02\/Purpura-Moderno-Tecnologia-y-Videojuegos-Logotipo-1.png\" alt=\"\" class=\"wp-image-4346\" srcset=\"https:\/\/cert.pa\/wp-content\/uploads\/2025\/02\/Purpura-Moderno-Tecnologia-y-Videojuegos-Logotipo-1.png 500w, https:\/\/cert.pa\/wp-content\/uploads\/2025\/02\/Purpura-Moderno-Tecnologia-y-Videojuegos-Logotipo-1-300x300.png 300w, https:\/\/cert.pa\/wp-content\/uploads\/2025\/02\/Purpura-Moderno-Tecnologia-y-Videojuegos-Logotipo-1-150x150.png 150w\" sizes=\"auto, (max-width: 500px) 100vw, 500px\" \/><\/a><\/figure>\n\n\n\n<p>Infograf\u00eda: <a href=\"https:\/\/cert.pa\/wp-content\/uploads\/2019\/12\/emal-phishing.pdf\" target=\"_blank\" rel=\"noopener\" title=\"\">Correos de Phishing<\/a><\/p>\n<\/div>\n\n\n\n<div class=\"wp-block-column is-layout-flow wp-block-column-is-layout-flow\">\n<figure class=\"wp-block-image size-full\"><a href=\"https:\/\/cert.pa\/wp-content\/uploads\/2019\/12\/Sexting.pdf\" target=\"_blank\" rel=\"noreferrer noopener\"><img loading=\"lazy\" decoding=\"async\" width=\"500\" height=\"500\" src=\"https:\/\/cert.pa\/wp-content\/uploads\/2025\/02\/Purpura-Moderno-Tecnologia-y-Videojuegos-Logotipo.png\" alt=\"\" class=\"wp-image-4347\" srcset=\"https:\/\/cert.pa\/wp-content\/uploads\/2025\/02\/Purpura-Moderno-Tecnologia-y-Videojuegos-Logotipo.png 500w, https:\/\/cert.pa\/wp-content\/uploads\/2025\/02\/Purpura-Moderno-Tecnologia-y-Videojuegos-Logotipo-300x300.png 300w, https:\/\/cert.pa\/wp-content\/uploads\/2025\/02\/Purpura-Moderno-Tecnologia-y-Videojuegos-Logotipo-150x150.png 150w\" sizes=\"auto, (max-width: 500px) 100vw, 500px\" \/><\/a><\/figure>\n\n\n\n<p>Infograf\u00eda: <a href=\"https:\/\/cert.pa\/wp-content\/uploads\/2019\/12\/Sexting.pdf\" target=\"_blank\" rel=\"noopener\" title=\"\">\u00bfQu\u00e9 es Sexting? <\/a><\/p>\n<\/div>\n\n\n\n<div class=\"wp-block-column is-layout-flow wp-block-column-is-layout-flow\">\n<figure class=\"wp-block-image size-full\"><a href=\"https:\/\/cert.pa\/wp-content\/uploads\/2019\/12\/Sextorsi%C3%B3n.pdf\" target=\"_blank\" rel=\"noreferrer noopener\"><img loading=\"lazy\" decoding=\"async\" width=\"500\" height=\"500\" src=\"https:\/\/cert.pa\/wp-content\/uploads\/2025\/02\/new.png\" alt=\"\" class=\"wp-image-4344\" srcset=\"https:\/\/cert.pa\/wp-content\/uploads\/2025\/02\/new.png 500w, https:\/\/cert.pa\/wp-content\/uploads\/2025\/02\/new-300x300.png 300w, https:\/\/cert.pa\/wp-content\/uploads\/2025\/02\/new-150x150.png 150w\" sizes=\"auto, (max-width: 500px) 100vw, 500px\" \/><\/a><\/figure>\n\n\n\n<p>Infograf\u00eda: <a href=\"https:\/\/cert.pa\/wp-content\/uploads\/2019\/12\/Sextorsi%C3%B3n.pdf\" target=\"_blank\" rel=\"noopener\" title=\"\">\u00bfQu\u00e9 es Sextorsi\u00f3n?<\/a><\/p>\n<\/div>\n<\/div>\n\n\n\n<hr class=\"wp-block-separator has-alpha-channel-opacity is-style-dots\"\/>\n\n\n\n<div class=\"wp-block-columns is-layout-flex wp-container-core-columns-is-layout-9d6595d7 wp-block-columns-is-layout-flex\">\n<div class=\"wp-block-column is-layout-flow wp-block-column-is-layout-flow\">\n<figure class=\"wp-block-image size-full\"><a href=\"https:\/\/cert.pa\/wp-content\/uploads\/2019\/12\/Malware.pdf\" target=\"_blank\" rel=\"noreferrer noopener\"><img loading=\"lazy\" decoding=\"async\" width=\"500\" height=\"500\" src=\"https:\/\/cert.pa\/wp-content\/uploads\/2025\/02\/new.png\" alt=\"\" class=\"wp-image-4344\" srcset=\"https:\/\/cert.pa\/wp-content\/uploads\/2025\/02\/new.png 500w, https:\/\/cert.pa\/wp-content\/uploads\/2025\/02\/new-300x300.png 300w, https:\/\/cert.pa\/wp-content\/uploads\/2025\/02\/new-150x150.png 150w\" sizes=\"auto, (max-width: 500px) 100vw, 500px\" \/><\/a><\/figure>\n\n\n\n<p>Infograf\u00eda: <a href=\"https:\/\/cert.pa\/wp-content\/uploads\/2019\/12\/Malware.pdf\" target=\"_blank\" rel=\"noopener\" title=\"\">Malware<\/a> <\/p>\n<\/div>\n\n\n\n<div class=\"wp-block-column is-layout-flow wp-block-column-is-layout-flow\">\n<figure class=\"wp-block-image size-full\"><a href=\"https:\/\/cert.pa\/wp-content\/uploads\/2021\/05\/Seguridad-IoT.pdf\" target=\"_blank\" rel=\"noreferrer noopener\"><img loading=\"lazy\" decoding=\"async\" width=\"500\" height=\"500\" src=\"https:\/\/cert.pa\/wp-content\/uploads\/2025\/02\/Purpura-Moderno-Tecnologia-y-Videojuegos-Logotipo-1.png\" alt=\"\" class=\"wp-image-4346\" srcset=\"https:\/\/cert.pa\/wp-content\/uploads\/2025\/02\/Purpura-Moderno-Tecnologia-y-Videojuegos-Logotipo-1.png 500w, https:\/\/cert.pa\/wp-content\/uploads\/2025\/02\/Purpura-Moderno-Tecnologia-y-Videojuegos-Logotipo-1-300x300.png 300w, https:\/\/cert.pa\/wp-content\/uploads\/2025\/02\/Purpura-Moderno-Tecnologia-y-Videojuegos-Logotipo-1-150x150.png 150w\" sizes=\"auto, (max-width: 500px) 100vw, 500px\" \/><\/a><\/figure>\n\n\n\n<p>Infograf\u00eda: <a href=\"https:\/\/cert.pa\/wp-content\/uploads\/2021\/05\/Seguridad-IoT.pdf\" target=\"_blank\" rel=\"noopener\" title=\"\">IOT en el hogar<\/a><\/p>\n<\/div>\n\n\n\n<div class=\"wp-block-column is-layout-flow wp-block-column-is-layout-flow\">\n<figure class=\"wp-block-image size-full\"><a href=\"https:\/\/cert.pa\/wp-content\/uploads\/2020\/02\/Internet-Seguro-Consejos-Para-Ni\u00f1os.pdf\" target=\"_blank\" rel=\"noreferrer noopener\"><img loading=\"lazy\" decoding=\"async\" width=\"500\" height=\"500\" src=\"https:\/\/cert.pa\/wp-content\/uploads\/2025\/02\/Purpura-Moderno-Tecnologia-y-Videojuegos-Logotipo.png\" alt=\"\" class=\"wp-image-4347\" srcset=\"https:\/\/cert.pa\/wp-content\/uploads\/2025\/02\/Purpura-Moderno-Tecnologia-y-Videojuegos-Logotipo.png 500w, https:\/\/cert.pa\/wp-content\/uploads\/2025\/02\/Purpura-Moderno-Tecnologia-y-Videojuegos-Logotipo-300x300.png 300w, https:\/\/cert.pa\/wp-content\/uploads\/2025\/02\/Purpura-Moderno-Tecnologia-y-Videojuegos-Logotipo-150x150.png 150w\" sizes=\"auto, (max-width: 500px) 100vw, 500px\" \/><\/a><\/figure>\n\n\n\n<p>Infograf\u00eda: <a href=\"https:\/\/cert.pa\/wp-content\/uploads\/2020\/02\/Internet-Seguro-Consejos-Para-Ni\u00f1os.pdf\" target=\"_blank\" rel=\"noopener\" title=\"\">Navegaci\u00f3n segura<\/a><\/p>\n<\/div>\n<\/div>\n\n\n\n<hr class=\"wp-block-separator has-alpha-channel-opacity is-style-dots\"\/>\n\n\n\n<div class=\"wp-block-columns is-layout-flex wp-container-core-columns-is-layout-9d6595d7 wp-block-columns-is-layout-flex\">\n<div class=\"wp-block-column is-layout-flow wp-block-column-is-layout-flow\">\n<figure class=\"wp-block-image size-full\"><a href=\"https:\/\/cert.pa\/wp-content\/uploads\/2020\/02\/Internet-Seguro-Herramientas-Control-Parental.pdf\" target=\"_blank\" rel=\"noreferrer noopener\"><img loading=\"lazy\" decoding=\"async\" width=\"500\" height=\"500\" src=\"https:\/\/cert.pa\/wp-content\/uploads\/2025\/02\/Purpura-Moderno-Tecnologia-y-Videojuegos-Logotipo-1.png\" alt=\"\" class=\"wp-image-4346\" srcset=\"https:\/\/cert.pa\/wp-content\/uploads\/2025\/02\/Purpura-Moderno-Tecnologia-y-Videojuegos-Logotipo-1.png 500w, https:\/\/cert.pa\/wp-content\/uploads\/2025\/02\/Purpura-Moderno-Tecnologia-y-Videojuegos-Logotipo-1-300x300.png 300w, https:\/\/cert.pa\/wp-content\/uploads\/2025\/02\/Purpura-Moderno-Tecnologia-y-Videojuegos-Logotipo-1-150x150.png 150w\" sizes=\"auto, (max-width: 500px) 100vw, 500px\" \/><\/a><\/figure>\n\n\n\n<p>Infograf\u00eda: <a href=\"https:\/\/cert.pa\/wp-content\/uploads\/2020\/02\/Internet-Seguro-Herramientas-Control-Parental.pdf\" target=\"_blank\" rel=\"noopener\" title=\"\"><strong>Control Parental<\/strong><\/a><\/p>\n<\/div>\n\n\n\n<div class=\"wp-block-column is-layout-flow wp-block-column-is-layout-flow\">\n<figure class=\"wp-block-image size-full\"><a href=\"https:\/\/cert.pa\/wp-content\/uploads\/2020\/01\/Ley-Protecci%C3%B3n-Datos-2019.pdf\" target=\"_blank\" rel=\"noreferrer noopener\"><img loading=\"lazy\" decoding=\"async\" width=\"500\" height=\"500\" src=\"https:\/\/cert.pa\/wp-content\/uploads\/2025\/02\/Purpura-Moderno-Tecnologia-y-Videojuegos-Logotipo.png\" alt=\"\" class=\"wp-image-4347\" srcset=\"https:\/\/cert.pa\/wp-content\/uploads\/2025\/02\/Purpura-Moderno-Tecnologia-y-Videojuegos-Logotipo.png 500w, https:\/\/cert.pa\/wp-content\/uploads\/2025\/02\/Purpura-Moderno-Tecnologia-y-Videojuegos-Logotipo-300x300.png 300w, https:\/\/cert.pa\/wp-content\/uploads\/2025\/02\/Purpura-Moderno-Tecnologia-y-Videojuegos-Logotipo-150x150.png 150w\" sizes=\"auto, (max-width: 500px) 100vw, 500px\" \/><\/a><\/figure>\n\n\n\n<p>Infograf\u00eda: <a href=\"https:\/\/cert.pa\/wp-content\/uploads\/2020\/01\/Ley-Protecci%C3%B3n-Datos-2019.pdf\" target=\"_blank\" rel=\"noopener\" title=\"\"><strong>Protecci\u00f3n de Datos<\/strong> <\/a><\/p>\n<\/div>\n\n\n\n<div class=\"wp-block-column is-layout-flow wp-block-column-is-layout-flow\">\n<figure class=\"wp-block-image size-full\"><a href=\"https:\/\/cert.pa\/wp-content\/uploads\/2020\/02\/Tu-vida-digital-en-Internet.pdf\" target=\"_blank\" rel=\"noreferrer noopener\"><img loading=\"lazy\" decoding=\"async\" width=\"500\" height=\"500\" src=\"https:\/\/cert.pa\/wp-content\/uploads\/2025\/02\/new.png\" alt=\"\" class=\"wp-image-4344\" srcset=\"https:\/\/cert.pa\/wp-content\/uploads\/2025\/02\/new.png 500w, https:\/\/cert.pa\/wp-content\/uploads\/2025\/02\/new-300x300.png 300w, https:\/\/cert.pa\/wp-content\/uploads\/2025\/02\/new-150x150.png 150w\" sizes=\"auto, (max-width: 500px) 100vw, 500px\" \/><\/a><\/figure>\n\n\n\n<p>Infograf\u00eda: <a href=\"https:\/\/cert.pa\/wp-content\/uploads\/2020\/02\/Tu-vida-digital-en-Internet.pdf\" target=\"_blank\" rel=\"noopener\" title=\"\">V<strong>ida Digital<\/strong><\/a><\/p>\n<\/div>\n<\/div>\n\n\n\n<hr class=\"wp-block-separator has-alpha-channel-opacity is-style-dots\"\/>\n\n\n\n<div class=\"wp-block-columns is-layout-flex wp-container-core-columns-is-layout-9d6595d7 wp-block-columns-is-layout-flex\">\n<div class=\"wp-block-column is-layout-flow wp-block-column-is-layout-flow\">\n<figure class=\"wp-block-image size-full\"><a href=\"https:\/\/cert.pa\/wp-content\/uploads\/2020\/02\/navegar-online-de-forma-segura.pdf\" target=\"_blank\" rel=\"noreferrer noopener\"><img loading=\"lazy\" decoding=\"async\" width=\"500\" height=\"500\" src=\"https:\/\/cert.pa\/wp-content\/uploads\/2025\/02\/new.png\" alt=\"\" class=\"wp-image-4344\" srcset=\"https:\/\/cert.pa\/wp-content\/uploads\/2025\/02\/new.png 500w, https:\/\/cert.pa\/wp-content\/uploads\/2025\/02\/new-300x300.png 300w, https:\/\/cert.pa\/wp-content\/uploads\/2025\/02\/new-150x150.png 150w\" sizes=\"auto, (max-width: 500px) 100vw, 500px\" \/><\/a><\/figure>\n\n\n\n<p>Infograf\u00eda: <a href=\"https:\/\/cert.pa\/wp-content\/uploads\/2020\/02\/navegar-online-de-forma-segura.pdf\" target=\"_blank\" rel=\"noopener\" title=\"\">Navegar online<\/a> <\/p>\n<\/div>\n\n\n\n<div class=\"wp-block-column is-layout-flow wp-block-column-is-layout-flow\">\n<figure class=\"wp-block-image size-full\"><a href=\"https:\/\/cert.pa\/wp-content\/uploads\/2020\/03\/Regreso-a-Clases.pdf\" target=\"_blank\" rel=\"noreferrer noopener\"><img loading=\"lazy\" decoding=\"async\" width=\"500\" height=\"500\" src=\"https:\/\/cert.pa\/wp-content\/uploads\/2025\/02\/Purpura-Moderno-Tecnologia-y-Videojuegos-Logotipo-1.png\" alt=\"\" class=\"wp-image-4346\" srcset=\"https:\/\/cert.pa\/wp-content\/uploads\/2025\/02\/Purpura-Moderno-Tecnologia-y-Videojuegos-Logotipo-1.png 500w, https:\/\/cert.pa\/wp-content\/uploads\/2025\/02\/Purpura-Moderno-Tecnologia-y-Videojuegos-Logotipo-1-300x300.png 300w, https:\/\/cert.pa\/wp-content\/uploads\/2025\/02\/Purpura-Moderno-Tecnologia-y-Videojuegos-Logotipo-1-150x150.png 150w\" sizes=\"auto, (max-width: 500px) 100vw, 500px\" \/><\/a><\/figure>\n\n\n\n<p>Infograf\u00eda: <strong><a href=\"https:\/\/cert.pa\/wp-content\/uploads\/2020\/03\/Regreso-a-Clases.pdf\" target=\"_blank\" rel=\"noopener\" title=\"\">Regreso a Clases<\/a><\/strong><\/p>\n<\/div>\n\n\n\n<div class=\"wp-block-column is-layout-flow wp-block-column-is-layout-flow\">\n<figure class=\"wp-block-image size-full\"><a href=\"https:\/\/cert.pa\/wp-content\/uploads\/2021\/03\/Protecci\u00f3n_datos_personales_internet.pdf\" target=\"_blank\" rel=\"noreferrer noopener\"><img loading=\"lazy\" decoding=\"async\" width=\"500\" height=\"500\" src=\"https:\/\/cert.pa\/wp-content\/uploads\/2025\/02\/Purpura-Moderno-Tecnologia-y-Videojuegos-Logotipo.png\" alt=\"\" class=\"wp-image-4347\" srcset=\"https:\/\/cert.pa\/wp-content\/uploads\/2025\/02\/Purpura-Moderno-Tecnologia-y-Videojuegos-Logotipo.png 500w, https:\/\/cert.pa\/wp-content\/uploads\/2025\/02\/Purpura-Moderno-Tecnologia-y-Videojuegos-Logotipo-300x300.png 300w, https:\/\/cert.pa\/wp-content\/uploads\/2025\/02\/Purpura-Moderno-Tecnologia-y-Videojuegos-Logotipo-150x150.png 150w\" sizes=\"auto, (max-width: 500px) 100vw, 500px\" \/><\/a><\/figure>\n\n\n\n<p>Infograf\u00eda: <strong><a href=\"https:\/\/cert.pa\/wp-content\/uploads\/2021\/03\/Protecci\u00f3n_datos_personales_internet.pdf\" target=\"_blank\" rel=\"noopener\" title=\"\">Datos Personales<\/a><\/strong><\/p>\n<\/div>\n<\/div>\n\n\n\n<hr class=\"wp-block-separator has-alpha-channel-opacity is-style-dots\"\/>\n\n\n\n<div class=\"wp-block-columns is-layout-flex wp-container-core-columns-is-layout-9d6595d7 wp-block-columns-is-layout-flex\">\n<div class=\"wp-block-column is-layout-flow wp-block-column-is-layout-flow\">\n<figure class=\"wp-block-image size-full\"><a href=\"https:\/\/cert.pa\/wp-content\/uploads\/2021\/03\/ataques_ingenieria_social.pdf\" target=\"_blank\" rel=\"noreferrer noopener\"><img loading=\"lazy\" decoding=\"async\" width=\"500\" height=\"500\" src=\"https:\/\/cert.pa\/wp-content\/uploads\/2025\/02\/Purpura-Moderno-Tecnologia-y-Videojuegos-Logotipo-1.png\" alt=\"\" class=\"wp-image-4346\" srcset=\"https:\/\/cert.pa\/wp-content\/uploads\/2025\/02\/Purpura-Moderno-Tecnologia-y-Videojuegos-Logotipo-1.png 500w, https:\/\/cert.pa\/wp-content\/uploads\/2025\/02\/Purpura-Moderno-Tecnologia-y-Videojuegos-Logotipo-1-300x300.png 300w, https:\/\/cert.pa\/wp-content\/uploads\/2025\/02\/Purpura-Moderno-Tecnologia-y-Videojuegos-Logotipo-1-150x150.png 150w\" sizes=\"auto, (max-width: 500px) 100vw, 500px\" \/><\/a><\/figure>\n\n\n\n<p>Infograf\u00eda: <strong><strong><a href=\"https:\/\/cert.pa\/wp-content\/uploads\/2021\/03\/ataques_ingenieria_social.pdf\" target=\"_blank\" rel=\"noopener\" title=\"\">Ingenier\u00eda Social<\/a><\/strong><\/strong><\/p>\n<\/div>\n\n\n\n<div class=\"wp-block-column is-layout-flow wp-block-column-is-layout-flow\">\n<figure class=\"wp-block-image size-full\"><a href=\"https:\/\/cert.pa\/wp-content\/uploads\/2020\/02\/Fraude-en-tarjetas.pdf\" target=\"_blank\" rel=\"noreferrer noopener\"><img loading=\"lazy\" decoding=\"async\" width=\"500\" height=\"500\" src=\"https:\/\/cert.pa\/wp-content\/uploads\/2025\/02\/13-1.png\" alt=\"\" class=\"wp-image-4400\" srcset=\"https:\/\/cert.pa\/wp-content\/uploads\/2025\/02\/13-1.png 500w, https:\/\/cert.pa\/wp-content\/uploads\/2025\/02\/13-1-300x300.png 300w, https:\/\/cert.pa\/wp-content\/uploads\/2025\/02\/13-1-150x150.png 150w\" sizes=\"auto, (max-width: 500px) 100vw, 500px\" \/><\/a><\/figure>\n\n\n\n<p>Infograf\u00eda: <a href=\"https:\/\/cert.pa\/wp-content\/uploads\/2020\/02\/Fraude-en-tarjetas.pdf\" target=\"_blank\" rel=\"noopener\" title=\"\">Fraude en tarjetas<\/a><\/p>\n<\/div>\n\n\n\n<div class=\"wp-block-column is-layout-flow wp-block-column-is-layout-flow\">\n<figure class=\"wp-block-image size-full\"><a href=\"https:\/\/cert.pa\/wp-content\/uploads\/2021\/04\/Realizar-transaccion-electronica-de-forma-segura.pdf\" target=\"_blank\" rel=\"noreferrer noopener\"><img loading=\"lazy\" decoding=\"async\" width=\"500\" height=\"500\" src=\"https:\/\/cert.pa\/wp-content\/uploads\/2025\/02\/13-1.png\" alt=\"\" class=\"wp-image-4400\" srcset=\"https:\/\/cert.pa\/wp-content\/uploads\/2025\/02\/13-1.png 500w, https:\/\/cert.pa\/wp-content\/uploads\/2025\/02\/13-1-300x300.png 300w, https:\/\/cert.pa\/wp-content\/uploads\/2025\/02\/13-1-150x150.png 150w\" sizes=\"auto, (max-width: 500px) 100vw, 500px\" \/><\/a><\/figure>\n\n\n\n<p>Infograf\u00eda: <a href=\"https:\/\/cert.pa\/wp-content\/uploads\/2021\/04\/Realizar-transaccion-electronica-de-forma-segura.pdf\" target=\"_blank\" rel=\"noopener\" title=\"\">Transacci\u00f3n electr\u00f3nica<\/a><\/p>\n<\/div>\n<\/div>\n\n\n\n<hr class=\"wp-block-separator has-alpha-channel-opacity is-style-dots\"\/>\n","protected":false},"excerpt":{"rendered":"<p>Infograf\u00eda: Riesgos en Internet Infograf\u00eda: \u00bfQu\u00e9 es Grooming? Infograf\u00eda: Grooming Infograf\u00eda: Correos de Phishing Infograf\u00eda: \u00bfQu\u00e9 es Sexting? Infograf\u00eda: \u00bfQu\u00e9 es Sextorsi\u00f3n? Infograf\u00eda: Malware Infograf\u00eda: IOT en el hogar Infograf\u00eda: Navegaci\u00f3n segura Infograf\u00eda: Control Parental&#8230;<\/p>\n","protected":false},"author":4,"featured_media":0,"parent":0,"menu_order":0,"comment_status":"closed","ping_status":"closed","template":"","meta":{"om_disable_all_campaigns":false,"_monsterinsights_skip_tracking":false,"_monsterinsights_sitenote_active":false,"_monsterinsights_sitenote_note":"","_monsterinsights_sitenote_category":0,"_uf_show_specific_survey":0,"_uf_disable_surveys":false,"footnotes":""},"class_list":["post-1713","page","type-page","status-publish","hentry"],"aioseo_notices":[],"_links":{"self":[{"href":"https:\/\/cert.pa\/index.php?rest_route=\/wp\/v2\/pages\/1713","targetHints":{"allow":["GET"]}}],"collection":[{"href":"https:\/\/cert.pa\/index.php?rest_route=\/wp\/v2\/pages"}],"about":[{"href":"https:\/\/cert.pa\/index.php?rest_route=\/wp\/v2\/types\/page"}],"author":[{"embeddable":true,"href":"https:\/\/cert.pa\/index.php?rest_route=\/wp\/v2\/users\/4"}],"replies":[{"embeddable":true,"href":"https:\/\/cert.pa\/index.php?rest_route=%2Fwp%2Fv2%2Fcomments&post=1713"}],"version-history":[{"count":78,"href":"https:\/\/cert.pa\/index.php?rest_route=\/wp\/v2\/pages\/1713\/revisions"}],"predecessor-version":[{"id":4407,"href":"https:\/\/cert.pa\/index.php?rest_route=\/wp\/v2\/pages\/1713\/revisions\/4407"}],"wp:attachment":[{"href":"https:\/\/cert.pa\/index.php?rest_route=%2Fwp%2Fv2%2Fmedia&parent=1713"}],"curies":[{"name":"wp","href":"https:\/\/api.w.org\/{rel}","templated":true}]}}