{"id":1593,"date":"2019-11-07T14:39:26","date_gmt":"2019-11-07T19:39:26","guid":{"rendered":"https:\/\/cert.pa\/?page_id=1593"},"modified":"2025-02-28T10:52:30","modified_gmt":"2025-02-28T15:52:30","slug":"redes-sociales","status":"publish","type":"page","link":"https:\/\/cert.pa\/?page_id=1593","title":{"rendered":"Redes sociales"},"content":{"rendered":"\n<div class=\"wp-block-columns is-layout-flex wp-container-core-columns-is-layout-9d6595d7 wp-block-columns-is-layout-flex\">\n<div class=\"wp-block-column is-layout-flow wp-block-column-is-layout-flow\">\n<figure class=\"wp-block-image size-full\"><a href=\"https:\/\/cert.pa\/wp-content\/uploads\/2019\/11\/Infografia-Snapchat_Final.pdf\" target=\"_blank\" rel=\"noreferrer noopener\"><img fetchpriority=\"high\" decoding=\"async\" width=\"500\" height=\"500\" src=\"https:\/\/cert.pa\/wp-content\/uploads\/2025\/02\/15-1.png\" alt=\"\" class=\"wp-image-4411\" srcset=\"https:\/\/cert.pa\/wp-content\/uploads\/2025\/02\/15-1.png 500w, https:\/\/cert.pa\/wp-content\/uploads\/2025\/02\/15-1-300x300.png 300w, https:\/\/cert.pa\/wp-content\/uploads\/2025\/02\/15-1-150x150.png 150w\" sizes=\"(max-width: 500px) 100vw, 500px\" \/><\/a><\/figure>\n\n\n\n<p>Infograf\u00eda: <a href=\"https:\/\/cert.pa\/wp-content\/uploads\/2019\/11\/Infografia-Snapchat_Final.pdf\" target=\"_blank\" rel=\"noopener\" title=\"\">Snapchat<\/a><\/p>\n<\/div>\n\n\n\n<div class=\"wp-block-column is-layout-flow wp-block-column-is-layout-flow\">\n<figure class=\"wp-block-image size-full\"><a href=\"https:\/\/cert.pa\/wp-content\/uploads\/2019\/11\/Infografia-Twitter.pdf\" target=\"_blank\" rel=\"noreferrer noopener\"><img fetchpriority=\"high\" decoding=\"async\" width=\"500\" height=\"500\" src=\"https:\/\/cert.pa\/wp-content\/uploads\/2025\/02\/15-1.png\" alt=\"\" class=\"wp-image-4411\" srcset=\"https:\/\/cert.pa\/wp-content\/uploads\/2025\/02\/15-1.png 500w, https:\/\/cert.pa\/wp-content\/uploads\/2025\/02\/15-1-300x300.png 300w, https:\/\/cert.pa\/wp-content\/uploads\/2025\/02\/15-1-150x150.png 150w\" sizes=\"(max-width: 500px) 100vw, 500px\" \/><\/a><\/figure>\n\n\n\n<p>Infograf\u00eda: <a href=\"https:\/\/cert.pa\/wp-content\/uploads\/2019\/11\/Infografia-Twitter.pdf\" target=\"_blank\" rel=\"noopener\" title=\"\">X<\/a><\/p>\n<\/div>\n\n\n\n<div class=\"wp-block-column is-layout-flow wp-block-column-is-layout-flow\">\n<figure class=\"wp-block-image size-full\"><a href=\"https:\/\/cert.pa\/wp-content\/uploads\/2020\/01\/TIPS-DESEGURIDAD-EN-facebook.pdf\" target=\"_blank\" rel=\"noreferrer noopener\"><img fetchpriority=\"high\" decoding=\"async\" width=\"500\" height=\"500\" src=\"https:\/\/cert.pa\/wp-content\/uploads\/2025\/02\/15-1.png\" alt=\"\" class=\"wp-image-4411\" srcset=\"https:\/\/cert.pa\/wp-content\/uploads\/2025\/02\/15-1.png 500w, https:\/\/cert.pa\/wp-content\/uploads\/2025\/02\/15-1-300x300.png 300w, https:\/\/cert.pa\/wp-content\/uploads\/2025\/02\/15-1-150x150.png 150w\" sizes=\"(max-width: 500px) 100vw, 500px\" \/><\/a><\/figure>\n\n\n\n<p>Infograf\u00eda: <a href=\"https:\/\/cert.pa\/wp-content\/uploads\/2020\/01\/TIPS-DESEGURIDAD-EN-facebook.pdf\" target=\"_blank\" rel=\"noopener\" title=\"\">Facebook<\/a><\/p>\n<\/div>\n<\/div>\n\n\n\n<hr class=\"wp-block-separator has-alpha-channel-opacity is-style-dots\"\/>\n\n\n\n<div class=\"wp-block-columns is-layout-flex wp-container-core-columns-is-layout-9d6595d7 wp-block-columns-is-layout-flex\">\n<div class=\"wp-block-column is-layout-flow wp-block-column-is-layout-flow\">\n<figure class=\"wp-block-image size-full\"><a href=\"https:\/\/cert.pa\/wp-content\/uploads\/2020\/01\/seguridad-y-privacidad-WhatsApp.pdf\" target=\"_blank\" rel=\"noreferrer noopener\"><img fetchpriority=\"high\" decoding=\"async\" width=\"500\" height=\"500\" src=\"https:\/\/cert.pa\/wp-content\/uploads\/2025\/02\/15-1.png\" alt=\"\" class=\"wp-image-4411\" srcset=\"https:\/\/cert.pa\/wp-content\/uploads\/2025\/02\/15-1.png 500w, https:\/\/cert.pa\/wp-content\/uploads\/2025\/02\/15-1-300x300.png 300w, https:\/\/cert.pa\/wp-content\/uploads\/2025\/02\/15-1-150x150.png 150w\" sizes=\"(max-width: 500px) 100vw, 500px\" \/><\/a><\/figure>\n\n\n\n<p>Infograf\u00eda: <a href=\"https:\/\/cert.pa\/wp-content\/uploads\/2020\/01\/seguridad-y-privacidad-WhatsApp.pdf\" target=\"_blank\" rel=\"noopener\" title=\"\">WhatsApp<\/a><\/p>\n<\/div>\n\n\n\n<div class=\"wp-block-column is-layout-flow wp-block-column-is-layout-flow\">\n<figure class=\"wp-block-image size-full\"><a href=\"https:\/\/cert.pa\/wp-content\/uploads\/2020\/03\/Instagram.pdf\" target=\"_blank\" rel=\"noreferrer noopener\"><img fetchpriority=\"high\" decoding=\"async\" width=\"500\" height=\"500\" src=\"https:\/\/cert.pa\/wp-content\/uploads\/2025\/02\/15-1.png\" alt=\"\" class=\"wp-image-4411\" srcset=\"https:\/\/cert.pa\/wp-content\/uploads\/2025\/02\/15-1.png 500w, https:\/\/cert.pa\/wp-content\/uploads\/2025\/02\/15-1-300x300.png 300w, https:\/\/cert.pa\/wp-content\/uploads\/2025\/02\/15-1-150x150.png 150w\" sizes=\"(max-width: 500px) 100vw, 500px\" \/><\/a><\/figure>\n\n\n\n<p>Infograf\u00eda: <a href=\"https:\/\/cert.pa\/wp-content\/uploads\/2020\/03\/Instagram.pdf\" target=\"_blank\" rel=\"noopener\" title=\"\">Instagram<\/a><\/p>\n<\/div>\n\n\n\n<div class=\"wp-block-column is-layout-flow wp-block-column-is-layout-flow\">\n<figure class=\"wp-block-image size-full\"><a href=\"https:\/\/cert.pa\/wp-content\/uploads\/2020\/07\/Infografia-CSIRT-Panam\u00e1.pdf\" target=\"_blank\" rel=\"noreferrer noopener\"><img fetchpriority=\"high\" decoding=\"async\" width=\"500\" height=\"500\" src=\"https:\/\/cert.pa\/wp-content\/uploads\/2025\/02\/15-1.png\" alt=\"\" class=\"wp-image-4411\" srcset=\"https:\/\/cert.pa\/wp-content\/uploads\/2025\/02\/15-1.png 500w, https:\/\/cert.pa\/wp-content\/uploads\/2025\/02\/15-1-300x300.png 300w, https:\/\/cert.pa\/wp-content\/uploads\/2025\/02\/15-1-150x150.png 150w\" sizes=\"(max-width: 500px) 100vw, 500px\" \/><\/a><\/figure>\n\n\n\n<p>Infograf\u00eda: <a href=\"https:\/\/cert.pa\/wp-content\/uploads\/2020\/07\/Infografia-CSIRT-Panam\u00e1.pdf\" target=\"_blank\" rel=\"noopener\" title=\"\">Tik Tok<\/a><\/p>\n<\/div>\n<\/div>\n\n\n\n<hr class=\"wp-block-separator has-alpha-channel-opacity is-style-dots\"\/>\n\n\n\n<div class=\"wp-block-columns is-layout-flex wp-container-core-columns-is-layout-9d6595d7 wp-block-columns-is-layout-flex\">\n<div class=\"wp-block-column is-layout-flow wp-block-column-is-layout-flow\">\n<figure class=\"wp-block-image size-full\"><a href=\"https:\/\/cert.pa\/wp-content\/uploads\/2020\/09\/Tik-tok-denuncia.pdf\"><img decoding=\"async\" width=\"500\" height=\"500\" src=\"https:\/\/cert.pa\/wp-content\/uploads\/2025\/02\/13-1.png\" alt=\"\" class=\"wp-image-4400\" srcset=\"https:\/\/cert.pa\/wp-content\/uploads\/2025\/02\/13-1.png 500w, https:\/\/cert.pa\/wp-content\/uploads\/2025\/02\/13-1-300x300.png 300w, https:\/\/cert.pa\/wp-content\/uploads\/2025\/02\/13-1-150x150.png 150w\" sizes=\"(max-width: 500px) 100vw, 500px\" \/><\/a><\/figure>\n\n\n\n<p>Infograf\u00eda: <a href=\"https:\/\/cert.pa\/wp-content\/uploads\/2020\/09\/Tik-tok-denuncia.pdf\" target=\"_blank\" rel=\"noopener\" title=\"\">Denunciar cuentas falsas en Tik Tok<\/a><\/p>\n<\/div>\n\n\n\n<div class=\"wp-block-column is-layout-flow wp-block-column-is-layout-flow\">\n<figure class=\"wp-block-image size-full\"><a href=\"https:\/\/cert.pa\/wp-content\/uploads\/2020\/10\/Infograf%C3%ADa-de-redes-sociales-instagram.pdf\" target=\"_blank\" rel=\"noreferrer noopener\"><img decoding=\"async\" width=\"500\" height=\"500\" src=\"https:\/\/cert.pa\/wp-content\/uploads\/2025\/02\/13-1.png\" alt=\"\" class=\"wp-image-4400\" srcset=\"https:\/\/cert.pa\/wp-content\/uploads\/2025\/02\/13-1.png 500w, https:\/\/cert.pa\/wp-content\/uploads\/2025\/02\/13-1-300x300.png 300w, https:\/\/cert.pa\/wp-content\/uploads\/2025\/02\/13-1-150x150.png 150w\" sizes=\"(max-width: 500px) 100vw, 500px\" \/><\/a><\/figure>\n\n\n\n<p>Infograf\u00eda: <a href=\"https:\/\/cert.pa\/wp-content\/uploads\/2020\/10\/Infograf%C3%ADa-de-redes-sociales-instagram.pdf\" target=\"_blank\" rel=\"noopener\" title=\"\">Denunciar cuentas falsas en <br>Instagram<\/a><\/p>\n<\/div>\n\n\n\n<div class=\"wp-block-column is-layout-flow wp-block-column-is-layout-flow\">\n<figure class=\"wp-block-image size-full\"><a href=\"https:\/\/cert.pa\/wp-content\/uploads\/2020\/10\/Infograf%C3%ADa-de-redes-sociales-Facebook.pdf\" target=\"_blank\" rel=\"noreferrer noopener\"><img decoding=\"async\" width=\"500\" height=\"500\" src=\"https:\/\/cert.pa\/wp-content\/uploads\/2025\/02\/13-1.png\" alt=\"\" class=\"wp-image-4400\" srcset=\"https:\/\/cert.pa\/wp-content\/uploads\/2025\/02\/13-1.png 500w, https:\/\/cert.pa\/wp-content\/uploads\/2025\/02\/13-1-300x300.png 300w, https:\/\/cert.pa\/wp-content\/uploads\/2025\/02\/13-1-150x150.png 150w\" sizes=\"(max-width: 500px) 100vw, 500px\" \/><\/a><\/figure>\n\n\n\n<p>Infograf\u00eda: <a href=\"https:\/\/cert.pa\/wp-content\/uploads\/2020\/10\/Infograf%C3%ADa-de-redes-sociales-Facebook.pdf\" target=\"_blank\" rel=\"noopener\" title=\"\">Denunciar cuentas falsas en <br>Facebook <\/a><\/p>\n<\/div>\n<\/div>\n\n\n\n<div class=\"wp-block-columns is-layout-flex wp-container-core-columns-is-layout-9d6595d7 wp-block-columns-is-layout-flex\">\n<div class=\"wp-block-column is-layout-flow wp-block-column-is-layout-flow\">\n<figure class=\"wp-block-image size-full\"><a href=\"https:\/\/cert.pa\/wp-content\/uploads\/2020\/09\/Twitter-denuncia.pdf\" target=\"_blank\" rel=\"noreferrer noopener\"><img decoding=\"async\" width=\"500\" height=\"500\" src=\"https:\/\/cert.pa\/wp-content\/uploads\/2025\/02\/13-1.png\" alt=\"\" class=\"wp-image-4400\" srcset=\"https:\/\/cert.pa\/wp-content\/uploads\/2025\/02\/13-1.png 500w, https:\/\/cert.pa\/wp-content\/uploads\/2025\/02\/13-1-300x300.png 300w, https:\/\/cert.pa\/wp-content\/uploads\/2025\/02\/13-1-150x150.png 150w\" sizes=\"(max-width: 500px) 100vw, 500px\" \/><\/a><\/figure>\n\n\n\n<p>Infograf\u00eda: <a href=\"https:\/\/cert.pa\/wp-content\/uploads\/2020\/09\/Twitter-denuncia.pdf\" target=\"_blank\" rel=\"noopener\" title=\"\">Denunciar cuentas falsas en X <\/a><\/p>\n<\/div>\n\n\n\n<div class=\"wp-block-column is-layout-flow wp-block-column-is-layout-flow\">\n<p><\/p>\n<\/div>\n\n\n\n<div class=\"wp-block-column is-layout-flow wp-block-column-is-layout-flow\">\n<p><\/p>\n<\/div>\n<\/div>\n\n\n\n<hr class=\"wp-block-separator has-alpha-channel-opacity is-style-dots\"\/>\n","protected":false},"excerpt":{"rendered":"<p>Infograf\u00eda: Snapchat Infograf\u00eda: X Infograf\u00eda: Facebook Infograf\u00eda: WhatsApp Infograf\u00eda: Instagram Infograf\u00eda: Tik Tok Infograf\u00eda: Denunciar cuentas falsas en Tik Tok Infograf\u00eda: Denunciar cuentas falsas en Instagram Infograf\u00eda: Denunciar cuentas falsas en Facebook Infograf\u00eda: Denunciar cuentas&#8230;<\/p>\n","protected":false},"author":3,"featured_media":0,"parent":0,"menu_order":0,"comment_status":"closed","ping_status":"closed","template":"","meta":{"om_disable_all_campaigns":false,"_monsterinsights_skip_tracking":false,"_monsterinsights_sitenote_active":false,"_monsterinsights_sitenote_note":"","_monsterinsights_sitenote_category":0,"_uf_show_specific_survey":0,"_uf_disable_surveys":false,"footnotes":""},"class_list":["post-1593","page","type-page","status-publish","hentry"],"_links":{"self":[{"href":"https:\/\/cert.pa\/index.php?rest_route=\/wp\/v2\/pages\/1593","targetHints":{"allow":["GET"]}}],"collection":[{"href":"https:\/\/cert.pa\/index.php?rest_route=\/wp\/v2\/pages"}],"about":[{"href":"https:\/\/cert.pa\/index.php?rest_route=\/wp\/v2\/types\/page"}],"author":[{"embeddable":true,"href":"https:\/\/cert.pa\/index.php?rest_route=\/wp\/v2\/users\/3"}],"replies":[{"embeddable":true,"href":"https:\/\/cert.pa\/index.php?rest_route=%2Fwp%2Fv2%2Fcomments&post=1593"}],"version-history":[{"count":34,"href":"https:\/\/cert.pa\/index.php?rest_route=\/wp\/v2\/pages\/1593\/revisions"}],"predecessor-version":[{"id":4440,"href":"https:\/\/cert.pa\/index.php?rest_route=\/wp\/v2\/pages\/1593\/revisions\/4440"}],"wp:attachment":[{"href":"https:\/\/cert.pa\/index.php?rest_route=%2Fwp%2Fv2%2Fmedia&parent=1593"}],"curies":[{"name":"wp","href":"https:\/\/api.w.org\/{rel}","templated":true}]}}